{"id":15169,"date":"2022-09-09T01:49:47","date_gmt":"2022-09-09T01:49:47","guid":{"rendered":"https:\/\/staging.dadco.net\/unterstuetzende\/verschlauchung-und-ueberwachung-von-stickstoff-gasdruckfeder-systemen\/"},"modified":"2023-11-08T20:44:33","modified_gmt":"2023-11-08T20:44:33","slug":"verschlauchung-und-ueberwachung-von-stickstoff-gasdruckfeder-systemen","status":"publish","type":"page","link":"https:\/\/staging.dadco.net\/de\/unterstuetzende\/verschlauchung-und-ueberwachung-von-stickstoff-gasdruckfeder-systemen\/","title":{"rendered":"Verschlauchung und \u00dcberwachung von Stickstoff-Gasdruckfeder Systemen"},"content":{"rendered":"<section class=\"l-section wpb_row height_auto\"><div class=\"l-section-h i-cf\"><div class=\"g-cols vc_row via_flex valign_top type_default stacking_default\"><div class=\"vc_col-sm-12 wpb_column vc_column_container\"><div class=\"vc_column-inner\"><div class=\"wpb_wrapper\"><div class=\"w-tabs style_default switch_click accordion has_scrolling\"><div class=\"w-tabs-sections titles-align_none icon_chevron cpos_right\"><div class=\"w-tabs-section active\" id=\"g83e\"><button class=\"w-tabs-section-header active\" aria-controls=\"content-g83e\" aria-expanded=\"true\"><h2 class=\"w-tabs-section-title\">SMS \/ SMS-i Systeme<\/h2><div class=\"w-tabs-section-control\"><\/div><\/button><div  class=\"w-tabs-section-content\" id=\"content-g83e\"><div class=\"w-tabs-section-content-h i-cf\"><div class=\"g-cols wpb_row via_flex valign_top type_default stacking_default\"><div class=\"vc_col-sm-12 wpb_column vc_column_container\"><div class=\"vc_column-inner\"><div class=\"wpb_wrapper\"><div class=\"wpb_text_column\"><div class=\"wpb_wrapper\"><h3>Sectional Mounting Systems<\/h3>\n<p>Beschreibung und Beispiele zum Verbundsystem (SMS-i<sup>\u00ae<\/sup>) and sectional mounting systems (SMS<sup>\u00ae<\/sup>).<\/p>\n<\/div><\/div><div class=\"w-btn-wrapper align_none\"><a class=\"w-btn us-btn-style_1\" target=\"_blank\" href=\"https:\/\/dadco.net\/wp-content\/uploads\/2013\/02\/sms_smsi_catalog.pdf\"><span class=\"w-btn-label\">Sectional Mounting Systems<\/span><\/a><\/div><\/div><\/div><\/div><\/div><div class=\"g-cols wpb_row via_flex valign_top type_default stacking_default\"><div class=\"vc_col-sm-12 wpb_column vc_column_container\"><div class=\"vc_column-inner\"><div class=\"wpb_wrapper\"><div class=\"wpb_text_column\"><div class=\"wpb_wrapper\"><h3><sup>SMS-i\u00ae<\/sup> Installation und Betrieb<\/h3>\n<p>Empfehlungen zur konstuktiven Gestalltung eines SMS-i<sup>\u00ae<\/sup> Systemes um max. Kostenersparnis zu erreichen.<\/p>\n<\/div><\/div><div class=\"w-btn-wrapper align_none\"><a class=\"w-btn us-btn-style_1\" target=\"_blank\" href=\"https:\/\/dadco.net\/wp-content\/uploads\/2013\/02\/smsi_technical.pdf\"><span class=\"w-btn-label\">SMS-i\u00ae Konstruktions-Empfehlungen<\/span><\/a><\/div><\/div><\/div><\/div><\/div><div class=\"g-cols wpb_row via_flex valign_top type_default stacking_default\"><div class=\"vc_col-sm-12 wpb_column vc_column_container\"><div class=\"vc_column-inner\"><div class=\"wpb_wrapper\"><div class=\"wpb_text_column\"><div class=\"wpb_wrapper\"><h3>Absperrventil f\u00fcr<sup>SMS-i\u00ae<\/sup><\/h3>\n<p>Details des MV-3G Absperrventil\u2019s in Verbindung mit einem SMS-i System (SMS-i<sup>\u00ae<\/sup>).<\/p>\n<\/div><\/div><div class=\"w-btn-wrapper align_none\"><a class=\"w-btn us-btn-style_1\" target=\"_blank\" href=\"https:\/\/dadco.net\/wp-content\/uploads\/2013\/03\/shut-off-_valve.pdf\"><span class=\"w-btn-label\">Absperrventil f\u00fcr SMS-i\u00ae<\/span><\/a><\/div><\/div><\/div><\/div><\/div><\/div><\/div><\/div><div class=\"w-tabs-section\" id=\"q4c9\"><button class=\"w-tabs-section-header\" aria-controls=\"content-q4c9\" aria-expanded=\"false\"><h2 class=\"w-tabs-section-title\">Umbau zu einem verschlauchtem System und Empfehlungen<\/h2><div class=\"w-tabs-section-control\"><\/div><\/button><div  class=\"w-tabs-section-content\" id=\"content-q4c9\"><div class=\"w-tabs-section-content-h i-cf\"><div class=\"g-cols wpb_row via_flex valign_top type_default stacking_default\"><div class=\"vc_col-sm-12 wpb_column vc_column_container\"><div class=\"vc_column-inner\"><div class=\"wpb_wrapper\"><div class=\"wpb_text_column\"><div class=\"wpb_wrapper\"><h3>Verbund-System<\/h3>\n<p>Hinweise zum Umbau einer autonomen Mini Gasdruckfedern zur \u201cOpen-Flow\u201d Feder f\u00fcr Verbund-System.<\/p>\n<\/div><\/div><div class=\"w-btn-wrapper align_none\"><a class=\"w-btn us-btn-style_1\" target=\"_blank\" href=\"https:\/\/dadco.net\/wp-content\/uploads\/2013\/02\/linkedop1.pdf\"><span class=\"w-btn-label\">Verbund-System<\/span><\/a><\/div><\/div><\/div><\/div><\/div><div class=\"g-cols wpb_row via_flex valign_top type_default stacking_default\"><div class=\"vc_col-sm-12 wpb_column vc_column_container\"><div class=\"vc_column-inner\"><div class=\"wpb_wrapper\"><div class=\"wpb_text_column\"><div class=\"wpb_wrapper\"><h3>Verbund-System \u2013 U Serie<\/h3>\n<p>Hinweise zum Umbau einer autonomen Ultra Force<sup>\u00ae<\/sup> Gasdruckfedern zur \u201cOpen-Flow\u201d Feder f\u00fcr Verbund-System.<\/p>\n<\/div><\/div><div class=\"w-btn-wrapper align_none\"><a class=\"w-btn us-btn-style_1\" target=\"_blank\" href=\"https:\/\/dadco.net\/wp-content\/uploads\/2013\/02\/linkedop_useries.pdf\"><span class=\"w-btn-label\">Verbund-System \u2013 U Serie<\/span><\/a><\/div><\/div><\/div><\/div><\/div><div class=\"g-cols wpb_row via_flex valign_top type_default stacking_default\"><div class=\"vc_col-sm-12 wpb_column vc_column_container\"><div class=\"vc_column-inner\"><div class=\"wpb_wrapper\"><div class=\"wpb_text_column\"><div class=\"wpb_wrapper\"><h3>Micro Serie Verbund-System<\/h3>\n<p>Anleitung zum Verschlauchen von Mikro-Gasdruckfedern mit dem exklusiven <i>MINILink<\/i><sup>\u00ae<\/sup> system.<\/p>\n<\/div><\/div><div class=\"w-btn-wrapper align_none\"><a class=\"w-btn us-btn-style_1\" target=\"_blank\" href=\"https:\/\/dadco.net\/wp-content\/uploads\/2013\/02\/micros_linked.pdf\"><span class=\"w-btn-label\">Micro Serie Verbund-System<\/span><\/a><\/div><\/div><\/div><\/div><\/div><div class=\"g-cols wpb_row via_flex valign_top type_default stacking_default\"><div class=\"vc_col-sm-12 wpb_column vc_column_container\"><div class=\"vc_column-inner\"><div class=\"wpb_wrapper\"><div class=\"wpb_text_column\"><div class=\"wpb_wrapper\"><h3>DF-Verrohrung<\/h3>\n<p>Bestellinformationen f\u00fcr DF-Verrohrung.<\/p>\n<\/div><\/div><div class=\"w-btn-wrapper align_none\"><a class=\"w-btn us-btn-style_1\" target=\"_blank\" href=\"https:\/\/dadco.net\/wp-content\/uploads\/2013\/02\/df_tubing.pdf\"><span class=\"w-btn-label\">DF-Verrohrung<\/span><\/a><\/div><\/div><\/div><\/div><\/div><div class=\"g-cols wpb_row via_flex valign_top type_default stacking_default\"><div class=\"vc_col-sm-12 wpb_column vc_column_container\"><div class=\"vc_column-inner\"><div class=\"wpb_wrapper\"><div class=\"wpb_text_column\"><div class=\"wpb_wrapper\"><h3>Bestellung eines Montageschlauchs<\/h3>\n<p>Arbeitsschritte zur Bestellung von Schlauchsystemen.<\/p>\n<\/div><\/div><div class=\"w-btn-wrapper align_none\"><a class=\"w-btn us-btn-style_1\" target=\"_blank\" href=\"https:\/\/dadco.net\/wp-content\/uploads\/2013\/02\/how_to_order_hose_assembly2.pdf\"><span class=\"w-btn-label\">Bestellung eines Montageschlauchs<\/span><\/a><\/div><\/div><\/div><\/div><\/div><div class=\"g-cols wpb_row via_flex valign_top type_default stacking_default\"><div class=\"vc_col-sm-12 wpb_column vc_column_container\"><div class=\"vc_column-inner\"><div class=\"wpb_wrapper\"><div class=\"wpb_text_column\"><div class=\"wpb_wrapper\"><h3>MINILink System<\/h3>\n<p>Details the components needed for the <i>MINILink<\/i><i><sup>\u00ae<\/sup><\/i> system.<\/p>\n<\/div><\/div><div class=\"w-btn-wrapper align_none\"><a class=\"w-btn us-btn-style_1\" target=\"_blank\" href=\"https:\/\/dadco.net\/wp-content\/uploads\/2013\/02\/minilink.pdf\"><span class=\"w-btn-label\">MINIlink System<\/span><\/a><\/div><\/div><\/div><\/div><\/div><\/div><\/div><\/div><div class=\"w-tabs-section\" id=\"y347\"><button class=\"w-tabs-section-header\" aria-controls=\"content-y347\" aria-expanded=\"false\"><h2 class=\"w-tabs-section-title\">Erstellung Montageschlauch<\/h2><div class=\"w-tabs-section-control\"><\/div><\/button><div  class=\"w-tabs-section-content\" id=\"content-y347\"><div class=\"w-tabs-section-content-h i-cf\"><div class=\"g-cols wpb_row via_flex valign_top type_default stacking_default\"><div class=\"vc_col-sm-12 wpb_column vc_column_container\"><div class=\"vc_column-inner\"><div class=\"wpb_wrapper\"><div class=\"wpb_text_column\"><div class=\"wpb_wrapper\"><h3>Konstruktion einer ORFS Schlauchverbindung<\/h3>\n<p>Anleitung zur Montage von festen (gekrimpten) oder wiederverwendbaren Adaptern zum SEAL-Lok Schlauchsystem.<\/p>\n<\/div><\/div><div class=\"w-btn-wrapper align_none\"><a class=\"w-btn us-btn-style_1\" target=\"_blank\" href=\"https:\/\/dadco.net\/wp-content\/uploads\/2013\/02\/sealokhac-bulletin-B00120D-1.pdf\"><span class=\"w-btn-label\">Konstruktion einer ORFS Schlauchverbindung<\/span><\/a><\/div><\/div><\/div><\/div><\/div><div class=\"g-cols wpb_row via_flex valign_top type_default stacking_default\"><div class=\"vc_col-sm-12 wpb_column vc_column_container\"><div class=\"vc_column-inner\"><div class=\"wpb_wrapper\"><div class=\"wpb_text_column\"><div class=\"wpb_wrapper\"><h3>Montage des MINILink\u00ae Schlauchsystems und Verwendung des 90.710.8 Mini-Krimp<\/h3>\n<p>Anleitung zur Erstellung eines <i>MINILink<\/i><sup>\u00ae<\/sup> Schlauchsystems und Handhabung des Mini-Krimp 90.710.8<\/p>\n<\/div><\/div><div class=\"w-btn-wrapper align_none\"><a class=\"w-btn us-btn-style_1\" target=\"_blank\" href=\"https:\/\/dadco.net\/wp-content\/uploads\/2013\/02\/Mini_HC_revB-B11110B-1.pdf\"><span class=\"w-btn-label\">Schlauchmontage mit MINILink\u00ae-System und Mini-Crimp 90.710.8<\/span><\/a><\/div><\/div><\/div><\/div><\/div><div class=\"g-cols wpb_row via_flex valign_top type_default stacking_default\"><div class=\"vc_col-sm-12 wpb_column vc_column_container\"><div class=\"vc_column-inner\"><div class=\"wpb_wrapper\"><div class=\"wpb_text_column\"><div class=\"wpb_wrapper\"><h3>Tragbares Krimp-Ger\u00e4t<\/h3>\n<p>Bulletin zeigt Teilenummern und Beschreibung der verschiedenen Teile des Krimp-Ger\u00e4tes, sowie ein detailierte Anleitung zum Gebrauch des Ger\u00e4tes.<\/p>\n<\/div><\/div><div class=\"w-btn-wrapper align_none\"><a class=\"w-btn us-btn-style_1\" target=\"_blank\" href=\"https:\/\/dadco.net\/wp-content\/uploads\/2015\/07\/portable_crimper.pdf\"><span class=\"w-btn-label\">Tragbares Krimp-Ger\u00e4t<\/span><\/a><\/div><\/div><\/div><\/div><\/div><\/div><\/div><\/div><div class=\"w-tabs-section\" id=\"h834\"><button class=\"w-tabs-section-header\" aria-controls=\"content-h834\" aria-expanded=\"false\"><h2 class=\"w-tabs-section-title\">Ausgleichsbeh\u00e4lter<\/h2><div class=\"w-tabs-section-control\"><\/div><\/button><div  class=\"w-tabs-section-content\" id=\"content-h834\"><div class=\"w-tabs-section-content-h i-cf\"><div class=\"g-cols wpb_row via_flex valign_top type_default stacking_default\"><div class=\"vc_col-sm-12 wpb_column vc_column_container\"><div class=\"vc_column-inner\"><div class=\"wpb_wrapper\"><div class=\"wpb_text_column\"><div class=\"wpb_wrapper\"><h3>Ausgleichsbeh\u00e4lter Design, Installation und Wartung<\/h3>\n<p>Designinformationen und detaillierte Wartungsanleitung f\u00fcr Ausgleichsbeh\u00e4lter, die mit Open-Flow-Systemen verwendet werden, um das Volumen zu erh\u00f6hen und den Druckanstieg zu reduzieren.<\/p>\n<\/div><\/div><div class=\"w-btn-wrapper align_none\"><a class=\"w-btn us-btn-style_1\" target=\"_blank\" href=\"https:\/\/dadco.net\/wp-content\/uploads\/2013\/03\/surge_tank_maint_bulletin.pdf\"><span class=\"w-btn-label\">Ausgleichsbeh\u00e4lter Design, Installation und Wartung<\/span><\/a><\/div><\/div><\/div><\/div><\/div><\/div><\/div><\/div><div class=\"w-tabs-section\" id=\"n693\"><button class=\"w-tabs-section-header\" aria-controls=\"content-n693\" aria-expanded=\"false\"><h2 class=\"w-tabs-section-title\">Armaturen<\/h2><div class=\"w-tabs-section-control\"><\/div><\/button><div  class=\"w-tabs-section-content\" id=\"content-n693\"><div class=\"w-tabs-section-content-h i-cf\"><div class=\"g-cols wpb_row via_flex valign_top type_default stacking_default\"><div class=\"vc_col-sm-12 wpb_column vc_column_container\"><div class=\"vc_column-inner\"><div class=\"wpb_wrapper\"><div class=\"wpb_text_column\"><div class=\"wpb_wrapper\"><h3>D-24 konische Armatur<\/h3>\n<p>Detailierte \u00dcbersicht \u00fcber die D-24 Serie<\/p>\n<\/div><\/div><div class=\"w-btn-wrapper align_none\"><a class=\"w-btn us-btn-style_1\" target=\"_blank\" href=\"https:\/\/dadco.net\/wp-content\/uploads\/2013\/02\/d24_fittings.pdf\"><span class=\"w-btn-label\">D-24 konische Armatur<\/span><\/a><\/div><\/div><\/div><\/div><\/div><div class=\"g-cols wpb_row via_flex valign_top type_default stacking_default\"><div class=\"vc_col-sm-12 wpb_column vc_column_container\"><div class=\"vc_column-inner\"><div class=\"wpb_wrapper\"><div class=\"wpb_text_column\"><div class=\"wpb_wrapper\"><h3>M6 auf G 1\/8 Anschlussadapter<\/h3>\n<p>DADCO\u2019s M6 Anschlussadapter erm\u00f6glicht den Anschluss\/Verbund von Gasdruckfeder mit M6 Anschluss mit traditionellem gro\u00dfen Schlauch und G1\/8 BSPP Anschluss.<\/p>\n<\/div><\/div><div class=\"w-btn-wrapper align_none\"><a class=\"w-btn us-btn-style_1\" target=\"_blank\" href=\"https:\/\/dadco.net\/wp-content\/uploads\/2013\/02\/m6_port_adapters.pdf\"><span class=\"w-btn-label\">M6 auf G 1\/8 Anschlussadapter<\/span><\/a><\/div><\/div><\/div><\/div><\/div><div class=\"g-cols wpb_row via_flex valign_top type_default stacking_default\"><div class=\"vc_col-sm-12 wpb_column vc_column_container\"><div class=\"vc_column-inner\"><div class=\"wpb_wrapper\"><div class=\"wpb_text_column\"><div class=\"wpb_wrapper\"><h3>Kompakter ORFS Schlauchadapter<\/h3>\n<p>Details zu kompakten Schlauchadapter mit stirnseitiger O-Ring-Dichtung. (ORFS).<\/p>\n<\/div><\/div><div class=\"w-btn-wrapper align_none\"><a class=\"w-btn us-btn-style_1\" target=\"_blank\" href=\"https:\/\/dadco.net\/wp-content\/uploads\/2017\/03\/compactfittings_bulletin.pdf\"><span class=\"w-btn-label\">Kompakter ORFS Schlauchadapter<\/span><\/a><\/div><\/div><\/div><\/div><\/div><\/div><\/div><\/div><div class=\"w-tabs-section\" id=\"i954\"><button class=\"w-tabs-section-header\" aria-controls=\"content-i954\" aria-expanded=\"false\"><h2 class=\"w-tabs-section-title\">Kontroll- und Bedientafeln<\/h2><div class=\"w-tabs-section-control\"><\/div><\/button><div  class=\"w-tabs-section-content\" id=\"content-i954\"><div class=\"w-tabs-section-content-h i-cf\"><div class=\"g-cols wpb_row via_flex valign_top type_default stacking_default\"><div class=\"vc_col-sm-12 wpb_column vc_column_container\"><div class=\"vc_column-inner\"><div class=\"wpb_wrapper\"><div class=\"wpb_text_column\"><div class=\"wpb_wrapper\"><h3>Kontroll- und Bedientafeln<\/h3>\n<p>Bestellinformationen und Merkmale zu den zwei neuen \u201eKontroll- und Bedientafeln\u201c welche zum bef\u00fcllen, entl\u00fcften und \u00fcberwachen des Druckes im Verbund \u2013 System verwendet werden: Flexible Mini Kontroll- und Bedientafel und Flexible Kontroll- und Bedientafel.<\/p>\n<\/div><\/div><div class=\"w-btn-wrapper align_none\"><a class=\"w-btn us-btn-style_1\" target=\"_blank\" href=\"https:\/\/dadco.net\/wp-content\/uploads\/2013\/02\/cp_bulletin.pdf\"><span class=\"w-btn-label\">Kontroll- und Bedientafeln<\/span><\/a><\/div><\/div><\/div><\/div><\/div><div class=\"g-cols wpb_row via_flex valign_top type_default stacking_default\"><div class=\"vc_col-sm-12 wpb_column vc_column_container\"><div class=\"vc_column-inner\"><div class=\"wpb_wrapper\"><div class=\"wpb_text_column\"><div class=\"wpb_wrapper\"><h3>Vibrationsbest\u00e4ndiges Ablassventil<\/h3>\n<p>Unser neues optionales vibrationsbest\u00e4ndiges Ablassventil f\u00fcr Mini und Standard Kontroll- und Bedietafeln, um unbeabsichtigten Druckverlust bei \u00fcberm\u00e4\u00dfigen Werkzeug-Vibrationen zu vermeiden.<\/p>\n<\/div><\/div><div class=\"w-btn-wrapper align_none\"><a class=\"w-btn us-btn-style_1\" target=\"_blank\" href=\"https:\/\/dadco.net\/wp-content\/uploads\/2018\/06\/bv_5g_valve.pdf\"><span class=\"w-btn-label\">Vibrationsbest\u00e4ndiges Ablassventil<\/span><\/a><\/div><\/div><\/div><\/div><\/div><div class=\"g-cols wpb_row via_flex valign_top type_default stacking_default\"><div class=\"vc_col-sm-12 wpb_column vc_column_container\"><div class=\"vc_column-inner\"><div class=\"wpb_wrapper\"><div class=\"wpb_text_column\"><div class=\"wpb_wrapper\"><h3>Multi Kontroll- und Bedientafel<\/h3>\n<p>Informationen zur Multi Kontroll- und Bedientafel, sowie dem Bef\u00fcllen und Entl\u00fcften von Verbund-Systemen in Verbindung mit der Multi Kontroll- und Bedientafel.<\/p>\n<\/div><\/div><div class=\"w-btn-wrapper align_none\"><a class=\"w-btn us-btn-style_1\" target=\"_blank\" href=\"https:\/\/dadco.net\/wp-content\/uploads\/2013\/02\/multi_panel_revb.pdf\"><span class=\"w-btn-label\">Multi Kontroll- und Bedientafel<\/span><\/a><\/div><\/div><\/div><\/div><\/div><div class=\"g-cols wpb_row via_flex valign_top type_default stacking_default\"><div class=\"vc_col-sm-12 wpb_column vc_column_container\"><div class=\"vc_column-inner\"><div class=\"wpb_wrapper\"><div class=\"wpb_text_column\"><div class=\"wpb_wrapper\"><h3>Druckmanometer<\/h3>\n<p>Leitfaden zur Bestellung von Ersatz-Druckmanometern f\u00fcr DADCO\u2019s Kraftmessdosen und Kontroll- und Bedientafeln.<\/p>\n<\/div><\/div><div class=\"w-btn-wrapper align_none\"><a class=\"w-btn us-btn-style_1\" target=\"_blank\" href=\"https:\/\/dadco.net\/wp-content\/uploads\/2018\/06\/gauge_bulletin.pdf\"><span class=\"w-btn-label\">Druckmanometer<\/span><\/a><\/div><\/div><\/div><\/div><\/div><\/div><\/div><\/div><div class=\"w-tabs-section\" id=\"qae8\"><button class=\"w-tabs-section-header\" aria-controls=\"content-qae8\" aria-expanded=\"false\"><h2 class=\"w-tabs-section-title\">Druckmonitore<\/h2><div class=\"w-tabs-section-control\"><\/div><\/button><div  class=\"w-tabs-section-content\" id=\"content-qae8\"><div class=\"w-tabs-section-content-h i-cf\"><div class=\"g-cols wpb_row via_flex valign_top type_default stacking_default\"><div class=\"vc_col-sm-12 wpb_column vc_column_container\"><div class=\"vc_column-inner\"><div class=\"wpb_wrapper\"><div class=\"wpb_text_column\"><div class=\"wpb_wrapper\"><h3>Elektronische Druckmonitore<\/h3>\n<p>Detailierte Aufstellung der verschiedenen Druckmonitore und den verf\u00fcgbaren Befestigungsoptionen<\/p>\n<\/div><\/div><div class=\"w-btn-wrapper align_none\"><a class=\"w-btn us-btn-style_1\" target=\"_blank\" href=\"https:\/\/dadco.net\/wp-content\/uploads\/2013\/02\/pressure_monitors1.pdf\"><span class=\"w-btn-label\">Elektronische Druckmonitore<\/span><\/a><\/div><\/div><\/div><\/div><\/div><div class=\"g-cols wpb_row via_flex valign_top type_default stacking_default\"><div class=\"vc_col-sm-12 wpb_column vc_column_container\"><div class=\"vc_column-inner\"><div class=\"wpb_wrapper\"><div class=\"wpb_text_column\"><div class=\"wpb_wrapper\"><h3>Von GM Bestimmter Elektronischer Druckmonitor<\/h3>\n<p>Details zum General Motors spezifischen Druckw\u00e4chter zur \u00dcberwachung des Stickstoffdrucks w\u00e4hrend des Betriebs. Der Block ist speziell auf die GM-Normen abgestimmt.<\/p>\n<\/div><\/div><div class=\"w-btn-wrapper align_none\"><a class=\"w-btn us-btn-style_1\" target=\"_blank\" href=\"https:\/\/dadco.net\/wp-content\/uploads\/2016\/06\/GM_pressure_monitor_bulletin.pdf\"><span class=\"w-btn-label\">Von GM Bestimmter Elektronischer Druckmonitor<\/span><\/a><\/div><\/div><\/div><\/div><\/div><div class=\"g-cols wpb_row via_flex valign_top type_default stacking_default\"><div class=\"vc_col-sm-12 wpb_column vc_column_container\"><div class=\"vc_column-inner\"><div class=\"wpb_wrapper\"><div class=\"wpb_text_column\"><div class=\"wpb_wrapper\"><h3>Kompakte digitale Druckmonitoren<\/h3>\n<p>Einzelheiten zu den Kompakt Digitalen Drucksensoren, 90.421 and 90.422.D.<\/p>\n<\/div><\/div><div class=\"w-btn-wrapper align_none\"><a class=\"w-btn us-btn-style_1\" target=\"_blank\" href=\"https:\/\/dadco.net\/wp-content\/uploads\/2019\/09\/CD_pressure_monitor.pdf\"><span class=\"w-btn-label\">Kompakte digitale Druckmonitoren<\/span><\/a><\/div><\/div><\/div><\/div><\/div><div class=\"g-cols wpb_row via_flex valign_top type_default stacking_default\"><div class=\"vc_col-sm-12 wpb_column vc_column_container\"><div class=\"vc_column-inner\"><div class=\"wpb_wrapper\"><div class=\"wpb_text_column\"><div class=\"wpb_wrapper\"><h3>90.421.1 \/ DPM1<\/h3>\n<p>Anweisungen zur Verwendung von Druckmonitoren.<\/p>\n<\/div><\/div><div class=\"w-btn-wrapper align_none\"><a class=\"w-btn us-btn-style_1\" target=\"_blank\" href=\"https:\/\/dadco.net\/wp-content\/uploads\/2013\/02\/dpm12.pdf\"><span class=\"w-btn-label\">90.421.1 \/ DPM1<\/span><\/a><\/div><\/div><\/div><\/div><\/div><div class=\"g-cols wpb_row via_flex valign_top type_default stacking_default\"><div class=\"vc_col-sm-12 wpb_column vc_column_container\"><div class=\"vc_column-inner\"><div class=\"wpb_wrapper\"><div class=\"w-btn-wrapper align_none\"><a class=\"w-btn us-btn-style_1\" target=\"_blank\" href=\"https:\/\/dadco.net\/wp-content\/uploads\/2013\/02\/dpm22.pdf\"><span class=\"w-btn-label\">90.421.2 \/ DPM2<\/span><\/a><\/div><\/div><\/div><\/div><\/div><div class=\"g-cols wpb_row via_flex valign_top type_default stacking_default\"><div class=\"vc_col-sm-12 wpb_column vc_column_container\"><div class=\"vc_column-inner\"><div class=\"wpb_wrapper\"><div class=\"w-btn-wrapper align_none\"><a class=\"w-btn us-btn-style_1\" target=\"_blank\" href=\"https:\/\/dadco.net\/wp-content\/uploads\/2013\/02\/dpm-2d2.pdf\"><span class=\"w-btn-label\">90.421.2D \/ DPM 2D<\/span><\/a><\/div><\/div><\/div><\/div><\/div><div class=\"g-cols wpb_row via_flex valign_top type_default stacking_default\"><div class=\"vc_col-sm-12 wpb_column vc_column_container\"><div class=\"vc_column-inner\"><div class=\"wpb_wrapper\"><div class=\"w-btn-wrapper align_none\"><a class=\"w-btn us-btn-style_1\" target=\"_blank\" href=\"https:\/\/dadco.net\/wp-content\/uploads\/2016\/03\/90.406.421_instruction_manual.pdf\"><span class=\"w-btn-label\">90.406.421 \/ Digital Control Panel Instruction Manual<\/span><\/a><\/div><\/div><\/div><\/div><\/div><div class=\"g-cols wpb_row via_flex valign_top type_default stacking_default\"><div class=\"vc_col-sm-12 wpb_column vc_column_container\"><div class=\"vc_column-inner\"><div class=\"wpb_wrapper\"><div class=\"wpb_text_column\"><div class=\"wpb_wrapper\"><h3>Druck-Indikator<\/h3>\n<p>Datails zum optionalen Druck-Indikator welcher direkt an der Gasdruckfeder zur Druck\u00fcberwachung verwendet wird.<\/p>\n<\/div><\/div><div class=\"w-btn-wrapper align_none\"><a class=\"w-btn us-btn-style_1\" target=\"_blank\" href=\"https:\/\/dadco.net\/wp-content\/uploads\/2013\/03\/pressure_indicator_bulletin.pdf\"><span class=\"w-btn-label\">Druck-Indikator<\/span><\/a><\/div><\/div><\/div><\/div><\/div><\/div><\/div><\/div><\/div><\/div><\/div><\/div><\/div><\/div><\/div><\/section>\n","protected":false},"excerpt":{"rendered":"SMS \/ SMS-i SystemeSectional Mounting Systems Beschreibung und Beispiele zum Verbundsystem (SMS-i\u00ae) and sectional mounting systems (SMS\u00ae). Sectional Mounting SystemsSMS-i\u00ae Installation und Betrieb Empfehlungen zur konstuktiven Gestalltung eines SMS-i\u00ae Systemes um max. Kostenersparnis zu erreichen. SMS-i\u00ae Konstruktions-EmpfehlungenAbsperrventil f\u00fcrSMS-i\u00ae Details des MV-3G Absperrventil\u2019s in Verbindung mit einem SMS-i System (SMS-i\u00ae). Absperrventil f\u00fcr SMS-i\u00aeUmbau zu einem verschlauchtem...","protected":false},"author":1,"featured_media":0,"parent":14502,"menu_order":4,"comment_status":"closed","ping_status":"closed","template":"","meta":{"footnotes":""},"class_list":["post-15169","page","type-page","status-publish","hentry"],"acf":[],"_links":{"self":[{"href":"https:\/\/staging.dadco.net\/de\/wp-json\/wp\/v2\/pages\/15169","targetHints":{"allow":["GET"]}}],"collection":[{"href":"https:\/\/staging.dadco.net\/de\/wp-json\/wp\/v2\/pages"}],"about":[{"href":"https:\/\/staging.dadco.net\/de\/wp-json\/wp\/v2\/types\/page"}],"author":[{"embeddable":true,"href":"https:\/\/staging.dadco.net\/de\/wp-json\/wp\/v2\/users\/1"}],"replies":[{"embeddable":true,"href":"https:\/\/staging.dadco.net\/de\/wp-json\/wp\/v2\/comments?post=15169"}],"version-history":[{"count":25,"href":"https:\/\/staging.dadco.net\/de\/wp-json\/wp\/v2\/pages\/15169\/revisions"}],"predecessor-version":[{"id":28723,"href":"https:\/\/staging.dadco.net\/de\/wp-json\/wp\/v2\/pages\/15169\/revisions\/28723"}],"up":[{"embeddable":true,"href":"https:\/\/staging.dadco.net\/de\/wp-json\/wp\/v2\/pages\/14502"}],"wp:attachment":[{"href":"https:\/\/staging.dadco.net\/de\/wp-json\/wp\/v2\/media?parent=15169"}],"curies":[{"name":"wp","href":"https:\/\/api.w.org\/{rel}","templated":true}]}}