{"id":14601,"date":"2022-09-15T15:42:26","date_gmt":"2022-09-15T15:42:26","guid":{"rendered":"https:\/\/staging.dadco.net\/soporte\/preguntas-frecuentes\/cilindros-hidraulicos-de-pernos-corazoneros\/"},"modified":"2024-02-26T11:22:50","modified_gmt":"2024-02-26T16:22:50","slug":"cilindros-hidraulicos-de-pernos-corazoneros","status":"publish","type":"page","link":"https:\/\/staging.dadco.net\/es\/soporte\/preguntas-frecuentes\/cilindros-hidraulicos-de-pernos-corazoneros\/","title":{"rendered":"Cilindros hidr\u00e1ulicos de pernos corazoneros"},"content":{"rendered":"<section class=\"l-section wpb_row height_auto\"><div class=\"l-section-h i-cf\"><div class=\"g-cols vc_row via_flex valign_top type_default stacking_default\"><div class=\"vc_col-sm-12 wpb_column vc_column_container\"><div class=\"vc_column-inner\"><div class=\"wpb_wrapper\"><div class=\"w-tabs style_default switch_click accordion has_scrolling\"><div class=\"w-tabs-sections titles-align_none icon_chevron cpos_right\"><div class=\"w-tabs-section active\" id=\"w68e\"><button class=\"w-tabs-section-header active\" aria-controls=\"content-w68e\" aria-expanded=\"true\"><h2 class=\"w-tabs-section-title\">Preguntas generales sobre cilindros hidr\u00e1ulicos de pernos corazoneros<\/h2><div class=\"w-tabs-section-control\"><\/div><\/button><div  class=\"w-tabs-section-content\" id=\"content-w68e\"><div class=\"w-tabs-section-content-h i-cf\"><div class=\"g-cols wpb_row via_flex valign_top type_default stacking_default\"><div class=\"vc_col-sm-12 wpb_column vc_column_container\"><div class=\"vc_column-inner\"><div class=\"wpb_wrapper\"><div class=\"wpb_text_column\"><div class=\"wpb_wrapper\"><div>\n<h3>\u00bfCu\u00e1les son las diferencias entre los cilindros DK y la vieja serie K de componentes de potencia?<\/h3>\n<table border=\"1\" cellspacing=\"0\" cellpadding=\"0\">\n<tbody>\n<tr>\n<td>\n                    <b>Caracter\u00edsticas<\/b>\n                  <\/td>\n<td>\n<p align=\"center\">\n                      <b>DADCO<br \/>\nSerie DK<\/b>\n                    <\/p>\n<\/td>\n<td>\n<p align=\"center\">\n                      <b>Power Components Serie K<br \/>\n<\/b>\n                    <\/p>\n<\/td>\n<\/tr>\n<tr>\n<td>Dise\u00f1o de cuerpo redondo que permite una f\u00e1cil inserci\u00f3n en las cavidades tubulares dentro del troquel<\/td>\n<td>\n<p align=\"center\">s\u00ed<\/p>\n<\/td>\n<td>\n<p align=\"center\">s\u00ed<\/p>\n<\/td>\n<\/tr>\n<tr>\n<td>Cuerpo de una pieza elimina v\u00edas potenciales de fuga<\/td>\n<td>\n<p align=\"center\">s\u00ed<\/p>\n<\/td>\n<td>\n<p align=\"center\">no<\/p>\n<\/td>\n<\/tr>\n<tr>\n<td>Montaje con dos pernos a trav\u00e9s de la longitud completa del cuerpo (los agujeros de montaje tienen el mismo patr\u00f3n para DK &amp; K)<\/td>\n<td>\n<p align=\"center\">s\u00ed<\/p>\n<\/td>\n<td>\n<p align=\"center\">s\u00ed<\/p>\n<\/td>\n<\/tr>\n<tr>\n<td>Brida de montaje ajustable para aumentar las opciones de montaje<\/td>\n<td>\n<p align=\"center\">s\u00ed<\/p>\n<\/td>\n<td>\n<p align=\"center\">no<\/p>\n<\/td>\n<\/tr>\n<tr>\n<td>Juntas de alta temperatura incluidas como est\u00e1ndar \u2014 hasta 204\u00b0 C (400\u00b0 F) para trabajo constante y hasta 260\u00b0 C (500\u00b0 F) para periodos cortos<\/td>\n<td>\n<p align=\"center\">s\u00ed<\/p>\n<\/td>\n<td>\n<p align=\"center\">no<\/p>\n<\/td>\n<\/tr>\n<tr>\n<td>Las juntas est\u00e1ndar proporcionan cero derivaci\u00f3n fluido<\/td>\n<td>\n<p align=\"center\">s\u00ed<\/p>\n<\/td>\n<td>\n<p align=\"center\">no<\/p>\n<\/td>\n<\/tr>\n<tr>\n<td>Disponible con terminaci\u00f3n de v\u00e1stago macho o hembra<\/td>\n<td>\n<p align=\"center\">s\u00ed<\/p>\n<\/td>\n<td>\n<p align=\"center\">no<\/p>\n<\/td>\n<\/tr>\n<tr>\n<td>C\u00f3modos puertos traseros incluidos en todos los cilindros<\/td>\n<td>\n<p align=\"center\">s\u00ed<\/p>\n<\/td>\n<td>\n<p align=\"center\">s\u00ed<\/p>\n<\/td>\n<\/tr>\n<tr>\n<td>El sencillo intercambio de adaptadores G 1\/8 permite activar los puertos traseros en un costado<\/td>\n<td>\n<p align=\"center\">s\u00ed<\/p>\n<\/td>\n<td>\n<p align=\"center\">no<\/p>\n<\/td>\n<\/tr>\n<tr>\n<td>Cada puerto est\u00e1 sellado con juntas de alta temperatura<\/td>\n<td>\n<p align=\"center\">s\u00ed<\/p>\n<\/td>\n<td>\n<p align=\"center\">no<\/p>\n<\/td>\n<\/tr>\n<tr>\n<td>Se entregan con adaptadores para servicio instalados en los puertos traseros<\/td>\n<td>\n<p align=\"center\">s\u00ed<\/p>\n<\/td>\n<td>\n<p align=\"center\">no<\/p>\n<\/td>\n<\/tr>\n<tr>\n<td>Modelo antigiro disponible<\/td>\n<td>\n<p align=\"center\">s\u00ed<\/p>\n<\/td>\n<td>\n<p align=\"center\">s\u00ed<\/p>\n<\/td>\n<\/tr>\n<tr>\n<td>La longitud total del modelo antigiro es la mismo<\/td>\n<td>\n<p align=\"center\">s\u00ed<\/p>\n<\/td>\n<td>\n<p align=\"center\">no<\/p>\n<\/td>\n<\/tr>\n<tr>\n<td>Modelo antigiro disponible<\/td>\n<td>\n<p align=\"center\">s\u00ed<\/p>\n<\/td>\n<td>\n<p align=\"center\">s\u00ed<\/p>\n<\/td>\n<\/tr>\n<tr>\n<td>La longitud total del modelo antigiro es la mismo<\/td>\n<td>\n<p align=\"center\">s\u00ed<\/p>\n<\/td>\n<td>\n<p align=\"center\">no<\/p>\n<\/td>\n<\/tr>\n<\/tbody>\n<\/table>\n<\/div>\n<\/div><\/div><\/div><\/div><\/div><\/div><div class=\"g-cols wpb_row via_flex valign_top type_default stacking_default\"><div class=\"vc_col-sm-12 wpb_column vc_column_container\"><div class=\"vc_column-inner\"><div class=\"wpb_wrapper\"><div class=\"wpb_text_column\"><div class=\"wpb_wrapper\"><h3>\u00bfUn cilindro DADCO DK de extracci\u00f3n de perno corazonero se puede adaptar al modelo antiguo?<\/h3>\n<p>Vea, \u00bfCu\u00e1les son las diferencias entre los cilindros DK y la vieja serie K de componentes de potencia?<\/p>\n<\/div><\/div><\/div><\/div><\/div><\/div><\/div><\/div><\/div><div class=\"w-tabs-section\" id=\"be99\"><button class=\"w-tabs-section-header\" aria-controls=\"content-be99\" aria-expanded=\"false\"><h2 class=\"w-tabs-section-title\">Reparaci\u00f3n<\/h2><div class=\"w-tabs-section-control\"><\/div><\/button><div  class=\"w-tabs-section-content\" id=\"content-be99\"><div class=\"w-tabs-section-content-h i-cf\"><div class=\"g-cols wpb_row via_flex valign_top type_default stacking_default\"><div class=\"vc_col-sm-12 wpb_column vc_column_container\"><div class=\"vc_column-inner\"><div class=\"wpb_wrapper\"><div class=\"wpb_text_column\"><div class=\"wpb_wrapper\"><h3>\u00bfC\u00f3mo puedo reparar mis cilindros de la serie DK?<\/h3>\n<h3>\u00bfSe requieren herramientas especiales para reparar los cilindros de la serie DK?<\/h3>\n<\/div><\/div><div class=\"w-btn-wrapper align_none\"><a class=\"w-btn us-btn-style_1\" target=\"_blank\" href=\"https:\/\/www.dadco.net\/wp-content\/uploads\/2013\/02\/core_pin_repair1.pdf\"><span class=\"w-btn-label\">Instrucciones de mantenimiento de la serie DK<\/span><\/a><\/div><\/div><\/div><\/div><\/div><\/div><\/div><\/div><\/div><\/div><\/div><\/div><\/div><\/div><\/div><\/section>\n","protected":false},"excerpt":{"rendered":"Preguntas generales sobre cilindros hidr\u00e1ulicos de pernos corazoneros \u00bfCu\u00e1les son las diferencias entre los cilindros DK y la vieja serie K de componentes de potencia? Caracter\u00edsticas DADCO Serie DK Power Components Serie K Dise\u00f1o de cuerpo redondo que permite una f\u00e1cil inserci\u00f3n en las cavidades tubulares dentro del troquel s\u00ed s\u00ed Cuerpo de una pieza...","protected":false},"author":1,"featured_media":0,"parent":14572,"menu_order":4,"comment_status":"closed","ping_status":"closed","template":"","meta":{"footnotes":""},"class_list":["post-14601","page","type-page","status-publish","hentry"],"acf":[],"_links":{"self":[{"href":"https:\/\/staging.dadco.net\/es\/wp-json\/wp\/v2\/pages\/14601","targetHints":{"allow":["GET"]}}],"collection":[{"href":"https:\/\/staging.dadco.net\/es\/wp-json\/wp\/v2\/pages"}],"about":[{"href":"https:\/\/staging.dadco.net\/es\/wp-json\/wp\/v2\/types\/page"}],"author":[{"embeddable":true,"href":"https:\/\/staging.dadco.net\/es\/wp-json\/wp\/v2\/users\/1"}],"replies":[{"embeddable":true,"href":"https:\/\/staging.dadco.net\/es\/wp-json\/wp\/v2\/comments?post=14601"}],"version-history":[{"count":26,"href":"https:\/\/staging.dadco.net\/es\/wp-json\/wp\/v2\/pages\/14601\/revisions"}],"predecessor-version":[{"id":31182,"href":"https:\/\/staging.dadco.net\/es\/wp-json\/wp\/v2\/pages\/14601\/revisions\/31182"}],"up":[{"embeddable":true,"href":"https:\/\/staging.dadco.net\/es\/wp-json\/wp\/v2\/pages\/14572"}],"wp:attachment":[{"href":"https:\/\/staging.dadco.net\/es\/wp-json\/wp\/v2\/media?parent=14601"}],"curies":[{"name":"wp","href":"https:\/\/api.w.org\/{rel}","templated":true}]}}