{"id":15039,"date":"2022-09-09T01:49:23","date_gmt":"2022-09-09T01:49:23","guid":{"rendered":"https:\/\/staging.dadco.net\/soporte\/herramientas-para-reparacion-y-mantenimiento-de-resortes-de-nitrogeno\/"},"modified":"2023-11-08T20:13:33","modified_gmt":"2023-11-08T20:13:33","slug":"herramientas-para-reparacion-y-mantenimiento-de-resortes-de-nitrogeno","status":"publish","type":"page","link":"https:\/\/staging.dadco.net\/es\/soporte\/herramientas-para-reparacion-y-mantenimiento-de-resortes-de-nitrogeno\/","title":{"rendered":"Herramientas para reparaci\u00f3n y mantenimiento de resortes de nitr\u00f3geno"},"content":{"rendered":"<section class=\"l-section wpb_row height_auto\"><div class=\"l-section-h i-cf\"><div class=\"g-cols vc_row via_flex valign_top type_default stacking_default\"><div class=\"vc_col-sm-12 wpb_column vc_column_container\"><div class=\"vc_column-inner\"><div class=\"wpb_wrapper\"><div class=\"w-tabs style_default switch_click accordion has_scrolling\"><div class=\"w-tabs-sections titles-align_none icon_chevron cpos_right\"><div class=\"w-tabs-section active\" id=\"a131\"><button class=\"w-tabs-section-header active\" aria-controls=\"content-a131\" aria-expanded=\"true\"><h2 class=\"w-tabs-section-title\">Kits de reparaci\u00f3n DADCO<\/h2><div class=\"w-tabs-section-control\"><\/div><\/button><div  class=\"w-tabs-section-content\" id=\"content-a131\"><div class=\"w-tabs-section-content-h i-cf\"><div class=\"g-cols wpb_row via_flex valign_top type_default stacking_default\"><div class=\"vc_col-sm-12 wpb_column vc_column_container\"><div class=\"vc_column-inner\"><div class=\"wpb_wrapper\"><div class=\"wpb_text_column\"><div class=\"wpb_wrapper\"><p>Resumen de los n\u00fameros de piezas de los kits reparaci\u00f3n y su modelo de resorte de nitr\u00f3geno correspondiente. Los kits de reparaci\u00f3n se utilizan para realizar una reparaci\u00f3n b\u00e1sica de los resortes de nitr\u00f3geno.<\/p>\n<\/div><\/div><div class=\"w-btn-wrapper align_none\"><a class=\"w-btn us-btn-style_1\" target=\"_blank\" href=\"https:\/\/dadco.net\/wp-content\/uploads\/2013\/02\/repairkits.pdf\"><span class=\"w-btn-label\">Kits de reparaci\u00f3n DADCO<\/span><\/a><\/div><\/div><\/div><\/div><\/div><\/div><\/div><\/div><div class=\"w-tabs-section\" id=\"g0c2\"><button class=\"w-tabs-section-header\" aria-controls=\"content-g0c2\" aria-expanded=\"false\"><h2 class=\"w-tabs-section-title\">Serie L \/ LJ \/ U<\/h2><div class=\"w-tabs-section-control\"><\/div><\/button><div  class=\"w-tabs-section-content\" id=\"content-g0c2\"><div class=\"w-tabs-section-content-h i-cf\"><div class=\"g-cols wpb_row via_flex valign_top type_default stacking_default\"><div class=\"vc_col-sm-12 wpb_column vc_column_container\"><div class=\"vc_column-inner\"><div class=\"wpb_wrapper\"><div class=\"wpb_text_column\"><div class=\"wpb_wrapper\"><h3>Instrucciones de mantenimiento de las series L\/LJ\/U<\/h3>\n<p>Instrucciones detalladas para la reparaci\u00f3n y el mantenimiento de las series L \/ 90.3, LJ \/ 90.7 y series U (U.0400-U.1600).<\/p>\n<\/div><\/div><div class=\"w-btn-wrapper align_none\"><a class=\"w-btn us-btn-style_1\" target=\"_blank\" href=\"https:\/\/dadco.net\/wp-content\/uploads\/2013\/02\/l_lj_u_miant_revF2.pdf\"><span class=\"w-btn-label\">Instrucciones de mantenimiento de las series L\/LJ\/U<\/span><\/a><\/div><div class=\"w-btn-wrapper align_none\"><a class=\"w-btn us-btn-style_1\" title=\"Video\" href=\"https:\/\/dadco.net\/product-support\/videos\/\"><span class=\"w-btn-label\">Video<\/span><\/a><\/div><\/div><\/div><\/div><\/div><div class=\"g-cols wpb_row via_flex valign_top type_default stacking_default\"><div class=\"vc_col-sm-12 wpb_column vc_column_container\"><div class=\"vc_column-inner\"><div class=\"wpb_wrapper\"><div class=\"wpb_text_column\"><div class=\"wpb_wrapper\"><h3>Instrucciones de mantenimiento de las series U\/UH\/UT\/UK\/UX<\/h3>\n<p>Bolet\u00edn instructivo detallado para la Serie Ultra Force, UH Serie (UH.2600-UH.6600), UT Serie (UT.2600-UT.9600), UK Serie y UX (UX.2600-UX.20000).<\/p>\n<\/div><\/div><div class=\"w-btn-wrapper align_none\"><a class=\"w-btn us-btn-style_1\" target=\"_blank\" href=\"https:\/\/dadco.net\/wp-content\/uploads\/2013\/02\/u_Maintenance.pdf\"><span class=\"w-btn-label\">Instrucciones de mantenimiento de las series U<\/span><\/a><\/div><\/div><\/div><\/div><\/div><div class=\"g-cols wpb_row via_flex valign_top type_default stacking_default\"><div class=\"vc_col-sm-12 wpb_column vc_column_container\"><div class=\"vc_column-inner\"><div class=\"wpb_wrapper\"><div class=\"wpb_text_column\"><div class=\"wpb_wrapper\"><h3>Instrucciones de mantenimiento de la serie FCL<\/h3>\n<p>Instrucciones detalladas para la reparaci\u00f3n y el mantenimiento de la serie FCL.<\/p>\n<\/div><\/div><div class=\"w-btn-wrapper align_none\"><a class=\"w-btn us-btn-style_1\" target=\"_blank\" href=\"https:\/\/dadco.net\/wp-content\/uploads\/2017\/05\/fcl_maintenance_bulletin.pdf\"><span class=\"w-btn-label\">Instrucciones de mantenimiento de la serie FCL<\/span><\/a><\/div><\/div><\/div><\/div><\/div><\/div><\/div><\/div><div class=\"w-tabs-section\" id=\"k5a3\"><button class=\"w-tabs-section-header\" aria-controls=\"content-k5a3\" aria-expanded=\"false\"><h2 class=\"w-tabs-section-title\">Serie 90.9<\/h2><div class=\"w-tabs-section-control\"><\/div><\/button><div  class=\"w-tabs-section-content\" id=\"content-k5a3\"><div class=\"w-tabs-section-content-h i-cf\"><div class=\"g-cols wpb_row via_flex valign_top type_default stacking_default\"><div class=\"vc_col-sm-12 wpb_column vc_column_container\"><div class=\"vc_column-inner\"><div class=\"wpb_wrapper\"><div class=\"wpb_text_column\"><div class=\"wpb_wrapper\"><h3>Instrucciones de mantenimiento de las series 90.9<\/h3>\n<p>Instrucciones detalladas para la reparaci\u00f3n y el mantenimiento de resortes de nitr\u00f3geno serie 90.9.<\/p>\n<\/div><\/div><div class=\"w-btn-wrapper align_none\"><a class=\"w-btn us-btn-style_1\" target=\"_blank\" href=\"https:\/\/dadco.net\/wp-content\/uploads\/2013\/02\/90.9_maint_instructions.pdf\"><span class=\"w-btn-label\">Instrucciones de mantenimiento de las series 90.9<\/span><\/a><\/div><\/div><\/div><\/div><\/div><\/div><\/div><\/div><div class=\"w-tabs-section\" id=\"va79\"><button class=\"w-tabs-section-header\" aria-controls=\"content-va79\" aria-expanded=\"false\"><h2 class=\"w-tabs-section-title\">Serie SC<\/h2><div class=\"w-tabs-section-control\"><\/div><\/button><div  class=\"w-tabs-section-content\" id=\"content-va79\"><div class=\"w-tabs-section-content-h i-cf\"><div class=\"g-cols wpb_row via_flex valign_top type_default stacking_default\"><div class=\"vc_col-sm-12 wpb_column vc_column_container\"><div class=\"vc_column-inner\"><div class=\"wpb_wrapper\"><div class=\"wpb_text_column\"><div class=\"wpb_wrapper\"><h3>Instrucciones de mantenimiento de la serie SC<\/h3>\n<p>Bolet\u00edn instructivo detallado para los modelos s\u00faper compactos SC.00740 \u2013 SC.18300.<\/p>\n<\/div><\/div><div class=\"w-btn-wrapper align_none\"><a class=\"w-btn us-btn-style_1\" target=\"_blank\" href=\"https:\/\/dadco.net\/wp-content\/uploads\/2013\/02\/sc_large_maintenance11.pdf\"><span class=\"w-btn-label\">Instrucciones de mantenimiento de la serie SC<\/span><\/a><\/div><\/div><\/div><\/div><\/div><\/div><\/div><\/div><div class=\"w-tabs-section\" id=\"bf55\"><button class=\"w-tabs-section-header\" aria-controls=\"content-bf55\" aria-expanded=\"false\"><h2 class=\"w-tabs-section-title\">SCLW<\/h2><div class=\"w-tabs-section-control\"><\/div><\/button><div  class=\"w-tabs-section-content\" id=\"content-bf55\"><div class=\"w-tabs-section-content-h i-cf\"><div class=\"g-cols wpb_row via_flex valign_top type_default stacking_default\"><div class=\"vc_col-sm-12 wpb_column vc_column_container\"><div class=\"vc_column-inner\"><div class=\"wpb_wrapper\"><div class=\"wpb_text_column\"><div class=\"wpb_wrapper\"><h3>Instrucciones de mantenimiento para la serie SCLW<\/h3>\n<p>Bolet\u00edn de instrucciones detalladas para las opciones de montajes soldados en cilindros super compactos modelos: SCLW.07500, SCLW.11800 y SCLW.18300.<\/p>\n<\/div><\/div><div class=\"w-btn-wrapper align_none\"><a class=\"w-btn us-btn-style_1\" target=\"_blank\" href=\"https:\/\/dadco.net\/wp-content\/uploads\/2018\/06\/sclw_maintenance_bulletin.pdf\"><span class=\"w-btn-label\">Instrucciones de mantenimiento para la serie SCLW<\/span><\/a><\/div><\/div><\/div><\/div><\/div><\/div><\/div><\/div><div class=\"w-tabs-section\" id=\"ta9b\"><button class=\"w-tabs-section-header\" aria-controls=\"content-ta9b\" aria-expanded=\"false\"><h2 class=\"w-tabs-section-title\">Serie 90.8 \/ 90.10 \/ 90.10RX \/ 90.5B \/ 90.5B2<\/h2><div class=\"w-tabs-section-control\"><\/div><\/button><div  class=\"w-tabs-section-content\" id=\"content-ta9b\"><div class=\"w-tabs-section-content-h i-cf\"><div class=\"g-cols wpb_row via_flex valign_top type_default stacking_default\"><div class=\"vc_col-sm-12 wpb_column vc_column_container\"><div class=\"vc_column-inner\"><div class=\"wpb_wrapper\"><div class=\"wpb_text_column\"><div class=\"wpb_wrapper\"><h3>Instrucciones de mantenimiento 90.5B<\/h3>\n<p>Instrucciones detalladas para la reparaci\u00f3n y el mantenimiento de resortes de nitr\u00f3geno serie 90.5B.<\/p>\n<\/div><\/div><div class=\"w-btn-wrapper align_none\"><a class=\"w-btn us-btn-style_1\" target=\"_blank\" href=\"https:\/\/dadco.net\/wp-content\/uploads\/2013\/02\/90.5b_maintenance_revc.pdf\"><span class=\"w-btn-label\">Instrucciones de mantenimiento 90.5B<\/span><\/a><\/div><div class=\"w-btn-wrapper align_none\"><a class=\"w-btn us-btn-style_1\" title=\"Video\" href=\"https:\/\/dadco.net\/product-support\/videos\/\"><span class=\"w-btn-label\">Video<\/span><\/a><\/div><\/div><\/div><\/div><\/div><div class=\"g-cols wpb_row via_flex valign_top type_default stacking_default\"><div class=\"vc_col-sm-12 wpb_column vc_column_container\"><div class=\"vc_column-inner\"><div class=\"wpb_wrapper\"><div class=\"wpb_text_column\"><div class=\"wpb_wrapper\"><h3>Instrucciones de mantenimiento 90.8\/90.10\/90.10RX\/90.5B2<\/h3>\n<p>Instrucciones detalladas para la reparaci\u00f3n y el mantenimiento de resortes de nitr\u00f3geno series 90.8 \/ 90.10 \/ 90.5B2.<\/p>\n<\/div><\/div><div class=\"w-btn-wrapper align_none\"><a class=\"w-btn us-btn-style_1\" target=\"_blank\" href=\"https:\/\/dadco.net\/wp-content\/uploads\/2013\/02\/90.10_90.5b2_90.8_maint.pdf\"><span class=\"w-btn-label\">Instrucciones de mantenimiento 90.8\/90.10\/90.10RX\/90.5B2<\/span><\/a><\/div><div class=\"w-btn-wrapper align_none\"><a class=\"w-btn us-btn-style_1\" title=\"Video\" href=\"https:\/\/dadco.net\/product-support\/videos\/\"><span class=\"w-btn-label\">Video<\/span><\/a><\/div><\/div><\/div><\/div><\/div><\/div><\/div><\/div><div class=\"w-tabs-section\" id=\"af8c\"><button class=\"w-tabs-section-header\" aria-controls=\"content-af8c\" aria-expanded=\"false\"><h2 class=\"w-tabs-section-title\">Serie 90.10 DS<\/h2><div class=\"w-tabs-section-control\"><\/div><\/button><div  class=\"w-tabs-section-content\" id=\"content-af8c\"><div class=\"w-tabs-section-content-h i-cf\"><div class=\"g-cols wpb_row via_flex valign_top type_default stacking_default\"><div class=\"vc_col-sm-12 wpb_column vc_column_container\"><div class=\"vc_column-inner\"><div class=\"wpb_wrapper\"><div class=\"wpb_text_column\"><div class=\"wpb_wrapper\"><h3>Instrucciones de mantenimiento 90.10 DS<\/h3>\n<p>Instrucciones detalladas para la reparaci\u00f3n y mantenimiento de las series de cilindros de nitr\u00f3geno 90.10 DS.<\/p>\n<\/div><\/div><div class=\"w-btn-wrapper align_none\"><a class=\"w-btn us-btn-style_1\" target=\"_blank\" href=\"https:\/\/dadco.net\/wp-content\/uploads\/2014\/12\/90.10_ds_maintenance.pdf\"><span class=\"w-btn-label\">Instrucciones de mantenimiento 90.10 DS<\/span><\/a><\/div><\/div><\/div><\/div><\/div><\/div><\/div><\/div><div class=\"w-tabs-section\" id=\"vdbf\"><button class=\"w-tabs-section-header\" aria-controls=\"content-vdbf\" aria-expanded=\"false\"><h2 class=\"w-tabs-section-title\">Serie 90.10R<\/h2><div class=\"w-tabs-section-control\"><\/div><\/button><div  class=\"w-tabs-section-content\" id=\"content-vdbf\"><div class=\"w-tabs-section-content-h i-cf\"><div class=\"g-cols wpb_row via_flex valign_top type_default stacking_default\"><div class=\"vc_col-sm-12 wpb_column vc_column_container\"><div class=\"vc_column-inner\"><div class=\"wpb_wrapper\"><div class=\"wpb_text_column\"><div class=\"wpb_wrapper\"><h3>Instrucciones de mantenimiento 90.201R<\/h3>\n<p>Instrucciones detalladas para la reparaci\u00f3n de resortes de nitr\u00f3geno 90.10R.03000 con el kit de reparaci\u00f3n 90.201R.3000 marcado con l\u00e1ser en el cilindro.<\/p>\n<\/div><\/div><div class=\"w-btn-wrapper align_none\"><a class=\"w-btn us-btn-style_1\" target=\"_blank\" href=\"https:\/\/dadco.net\/wp-content\/uploads\/2013\/03\/90.201r.pdf\"><span class=\"w-btn-label\">Instrucciones de mantenimiento 90.201R<\/span><\/a><\/div><\/div><\/div><\/div><\/div><div class=\"g-cols wpb_row via_flex valign_top type_default stacking_default\"><div class=\"vc_col-sm-12 wpb_column vc_column_container\"><div class=\"vc_column-inner\"><div class=\"wpb_wrapper\"><div class=\"wpb_text_column\"><div class=\"wpb_wrapper\"><h3>Instrucciones de mantenimiento 90.202R<\/h3>\n<p>Instrucciones detalladas para la reparaci\u00f3n de resortes de nitr\u00f3geno 90.10R.05000 con el kit de reparaci\u00f3n 90.202R.5000 marcado con l\u00e1ser en el cilindro y para la reparaci\u00f3n de resortes de nitr\u00f3geno 90.10R.07500 con el kit de reparaci\u00f3n 90.202R.7500 marcado con l\u00e1ser en el cilindro.<\/p>\n<\/div><\/div><div class=\"w-btn-wrapper align_none\"><a class=\"w-btn us-btn-style_1\" target=\"_blank\" href=\"https:\/\/dadco.net\/wp-content\/uploads\/2013\/02\/90.202r3.pdf\"><span class=\"w-btn-label\">Instrucciones de mantenimiento 90.202R<\/span><\/a><\/div><\/div><\/div><\/div><\/div><div class=\"g-cols wpb_row via_flex valign_top type_default stacking_default\"><div class=\"vc_col-sm-12 wpb_column vc_column_container\"><div class=\"vc_column-inner\"><div class=\"wpb_wrapper\"><div class=\"wpb_text_column\"><div class=\"wpb_wrapper\"><h3>Instrucciones de mantenimiento 90.203R<\/h3>\n<p>Instrucciones detalladas para la reparaci\u00f3n de resortes de nitr\u00f3geno 90.10R.05000 con el kit de reparaci\u00f3n 90.201R.5000 marcado con l\u00e1ser en el cilindro y para la reparaci\u00f3n de resortes de nitr\u00f3geno 90.10R.07500 con el kit de reparaci\u00f3n 90.201R.7500 marcado con l\u00e1ser en el cilindro.<br \/>\n<em>NOTA: Estas instrucciones de mantenimiento tambi\u00e9n se pueden utilizar para convertir series 90.10, 90.10.05000 y 90.10.07500, a series RIC\u2122, 90.10R.05000 y 90.10R.07500.<\/em><\/p>\n<\/div><\/div><div class=\"w-btn-wrapper align_none\"><a class=\"w-btn us-btn-style_1\" target=\"_blank\" href=\"https:\/\/dadco.net\/wp-content\/uploads\/2013\/02\/90.203r.pdf\"><span class=\"w-btn-label\">Instrucciones de mantenimiento 90.203R<\/span><\/a><\/div><\/div><\/div><\/div><\/div><\/div><\/div><\/div><div class=\"w-tabs-section\" id=\"y1cd\"><button class=\"w-tabs-section-header\" aria-controls=\"content-y1cd\" aria-expanded=\"false\"><h2 class=\"w-tabs-section-title\">Herramientas de reparaci\u00f3n<\/h2><div class=\"w-tabs-section-control\"><\/div><\/button><div  class=\"w-tabs-section-content\" id=\"content-y1cd\"><div class=\"w-tabs-section-content-h i-cf\"><div class=\"g-cols wpb_row via_flex valign_top type_default stacking_default\"><div class=\"vc_col-sm-12 wpb_column vc_column_container\"><div class=\"vc_column-inner\"><div class=\"wpb_wrapper\"><div class=\"wpb_text_column\"><div class=\"wpb_wrapper\"><h3>Gu\u00eda de herramientas de reparaci\u00f3n<\/h3>\n<p>Tool guide to help determine which tools to use in charging or repair of nitrogen gas springs.<\/p>\n<\/div><\/div><div class=\"w-btn-wrapper align_none\"><a class=\"w-btn us-btn-style_1\" target=\"_blank\" href=\"https:\/\/dadco.net\/wp-content\/uploads\/2013\/03\/repair_tools.pdf\"><span class=\"w-btn-label\">Gu\u00eda de herramientas de reparaci\u00f3n<\/span><\/a><\/div><\/div><\/div><\/div><\/div><div class=\"g-cols wpb_row via_flex valign_top type_default stacking_default\"><div class=\"vc_col-sm-12 wpb_column vc_column_container\"><div class=\"vc_column-inner\"><div class=\"wpb_wrapper\"><div class=\"wpb_text_column\"><div class=\"wpb_wrapper\"><h3>Kits de Herramientas de Reparaci\u00f3n<\/h3>\n<p>Las herramientas m\u00e1s populares de reparaci\u00f3n est\u00e1n disponibles en paquetes para cada una de nuestras tres clasificaciones principales de resortes de nitr\u00f3geno: Series micro, mini y grandes.<\/p>\n<\/div><\/div><div class=\"w-btn-wrapper align_none\"><a class=\"w-btn us-btn-style_1\" target=\"_blank\" href=\"https:\/\/dadco.net\/wp-content\/uploads\/2013\/02\/tool_kits_reva.pdf\"><span class=\"w-btn-label\">Kits de Herramientas de Reparaci\u00f3n<\/span><\/a><\/div><\/div><\/div><\/div><\/div><div class=\"g-cols wpb_row via_flex valign_top type_default stacking_default\"><div class=\"vc_col-sm-12 wpb_column vc_column_container\"><div class=\"vc_column-inner\"><div class=\"wpb_wrapper\"><div class=\"wpb_text_column\"><div class=\"wpb_wrapper\"><h3>Herramienta de trinquete \u2013 RT<\/h3>\n<p>Descripci\u00f3n de las herramientas de trinquete RT trinquete y de la variedad de destornilladores hexagonales internos y externos que se utilizan para facilitar la instalaci\u00f3n y el retiro de resortes de nitr\u00f3geno roscados de la serie micro y resortes elevadores de nitr\u00f3geno SL.16.<\/p>\n<\/div><\/div><div class=\"w-btn-wrapper align_none\"><a class=\"w-btn us-btn-style_1\" target=\"_blank\" href=\"https:\/\/dadco.net\/wp-content\/uploads\/2022\/09\/RT-Tool-Bulletin-1.pdf\"><span class=\"w-btn-label\">Herramienta de trinquete \u2013 RT<\/span><\/a><\/div><\/div><\/div><\/div><\/div><div class=\"g-cols wpb_row via_flex valign_top type_default stacking_default\"><div class=\"vc_col-sm-12 wpb_column vc_column_container\"><div class=\"vc_column-inner\"><div class=\"wpb_wrapper\"><div class=\"wpb_text_column\"><div class=\"wpb_wrapper\"><h3>Herramienta para dar servicio al puerto<\/h3>\n<p>Descripci\u00f3n de los ocho bits de la herramienta y para que se utiliza cada uno de ellos. Esta herramienta proporciona todas las herramientas necesarias para dar servicio de los puertos de los resortes de nitr\u00f3geno.<\/p>\n<\/div><\/div><div class=\"w-btn-wrapper align_none\"><a class=\"w-btn us-btn-style_1\" target=\"_blank\" href=\"https:\/\/dadco.net\/wp-content\/uploads\/2013\/02\/port_-servicing_-tool.pdf\"><span class=\"w-btn-label\">Herramienta para dar servicio al puerto<\/span><\/a><\/div><\/div><\/div><\/div><\/div><div class=\"g-cols wpb_row via_flex valign_top type_default stacking_default\"><div class=\"vc_col-sm-12 wpb_column vc_column_container\"><div class=\"vc_column-inner\"><div class=\"wpb_wrapper\"><div class=\"wpb_text_column\"><div class=\"wpb_wrapper\"><h3>90.356 \/ (RP-40)<\/h3>\n<p>Instrucciones para utilizar las herramientas grandes y peque\u00f1as para quitar anillos C. Esta herramienta es para usarse con resortes de nitr\u00f3geno grandes. Haga clic aqu\u00ed para ver un video con instrucciones sobre la herramienta para quitar el anillo C.<\/p>\n<\/div><\/div><div class=\"w-btn-wrapper align_none\"><a class=\"w-btn us-btn-style_1\" target=\"_blank\" href=\"https:\/\/dadco.net\/wp-content\/uploads\/2013\/02\/rp-401.pdf\"><span class=\"w-btn-label\">90.356 \/ (RP-40)<\/span><\/a><\/div><div class=\"w-btn-wrapper align_none\"><a class=\"w-btn us-btn-style_1\" title=\"Video\" href=\"https:\/\/dadco.net\/product-support\/videos\/\"><span class=\"w-btn-label\">Video<\/span><\/a><\/div><\/div><\/div><\/div><\/div><div class=\"g-cols wpb_row via_flex valign_top type_default stacking_default\"><div class=\"vc_col-sm-12 wpb_column vc_column_container\"><div class=\"vc_column-inner\"><div class=\"wpb_wrapper\"><div class=\"wpb_text_column\"><div class=\"wpb_wrapper\"><h3>90.355 \/ (RPL-40)<\/h3>\n<p>Instrucciones para quitar el un anillo C simple. Esta herramienta es para usarse con resortes de nitr\u00f3geno mini.<\/p>\n<\/div><\/div><div class=\"w-btn-wrapper align_none\"><a class=\"w-btn us-btn-style_1\" target=\"_blank\" href=\"https:\/\/dadco.net\/wp-content\/uploads\/2013\/02\/90.355.pdf\"><span class=\"w-btn-label\">90.355 \/ (RPL-40)<\/span><\/a><\/div><div class=\"w-btn-wrapper align_none\"><a class=\"w-btn us-btn-style_1\" title=\"Video\" href=\"https:\/\/dadco.net\/product-support\/videos\/\"><span class=\"w-btn-label\">Video<\/span><\/a><\/div><\/div><\/div><\/div><\/div><div class=\"g-cols wpb_row via_flex valign_top type_default stacking_default\"><div class=\"vc_col-sm-12 wpb_column vc_column_container\"><div class=\"vc_column-inner\"><div class=\"wpb_wrapper\"><div class=\"wpb_text_column\"><div class=\"wpb_wrapper\"><h3>90.352 \/ Herramienta de instalaci\u00f3n del anillo C<\/h3>\n<p>Este bolet\u00edn detallado proporciona las instrucciones para usar la herramienta de instalaci\u00f3n del anillo C durante la reparaci\u00f3n de resortes de nitr\u00f3geno.<\/p>\n<\/div><\/div><div class=\"w-btn-wrapper align_none\"><a class=\"w-btn us-btn-style_1\" target=\"_blank\" href=\"https:\/\/dadco.net\/wp-content\/uploads\/2013\/02\/cring_instl_large1.pdf\"><span class=\"w-btn-label\">90.352 \/ Herramienta de instalaci\u00f3n del anillo C<\/span><\/a><\/div><div class=\"w-btn-wrapper align_none\"><a class=\"w-btn us-btn-style_1\" title=\"Video\" href=\"https:\/\/dadco.net\/product-support\/videos\/\"><span class=\"w-btn-label\">Video<\/span><\/a><\/div><\/div><\/div><\/div><\/div><\/div><\/div><\/div><\/div><\/div><\/div><\/div><\/div><\/div><\/div><\/section>\n","protected":false},"excerpt":{"rendered":"Kits de reparaci\u00f3n DADCOResumen de los n\u00fameros de piezas de los kits reparaci\u00f3n y su modelo de resorte de nitr\u00f3geno correspondiente. Los kits de reparaci\u00f3n se utilizan para realizar una reparaci\u00f3n b\u00e1sica de los resortes de nitr\u00f3geno. Kits de reparaci\u00f3n DADCOSerie L \/ LJ \/ UInstrucciones de mantenimiento de las series L\/LJ\/U Instrucciones detalladas para...","protected":false},"author":1,"featured_media":0,"parent":14508,"menu_order":2,"comment_status":"closed","ping_status":"closed","template":"","meta":{"footnotes":""},"class_list":["post-15039","page","type-page","status-publish","hentry"],"acf":[],"_links":{"self":[{"href":"https:\/\/staging.dadco.net\/es\/wp-json\/wp\/v2\/pages\/15039","targetHints":{"allow":["GET"]}}],"collection":[{"href":"https:\/\/staging.dadco.net\/es\/wp-json\/wp\/v2\/pages"}],"about":[{"href":"https:\/\/staging.dadco.net\/es\/wp-json\/wp\/v2\/types\/page"}],"author":[{"embeddable":true,"href":"https:\/\/staging.dadco.net\/es\/wp-json\/wp\/v2\/users\/1"}],"replies":[{"embeddable":true,"href":"https:\/\/staging.dadco.net\/es\/wp-json\/wp\/v2\/comments?post=15039"}],"version-history":[{"count":10,"href":"https:\/\/staging.dadco.net\/es\/wp-json\/wp\/v2\/pages\/15039\/revisions"}],"predecessor-version":[{"id":28646,"href":"https:\/\/staging.dadco.net\/es\/wp-json\/wp\/v2\/pages\/15039\/revisions\/28646"}],"up":[{"embeddable":true,"href":"https:\/\/staging.dadco.net\/es\/wp-json\/wp\/v2\/pages\/14508"}],"wp:attachment":[{"href":"https:\/\/staging.dadco.net\/es\/wp-json\/wp\/v2\/media?parent=15039"}],"curies":[{"name":"wp","href":"https:\/\/api.w.org\/{rel}","templated":true}]}}