{"id":15151,"date":"2022-09-09T01:49:47","date_gmt":"2022-09-09T01:49:47","guid":{"rendered":"https:\/\/staging.dadco.net\/soporte\/interconexion-y-monitoreo-de-sistemas-de-resortes-de-nitrogeno\/"},"modified":"2023-11-09T20:34:48","modified_gmt":"2023-11-09T20:34:48","slug":"interconexion-y-monitoreo-de-sistemas-de-resortes-de-nitrogeno","status":"publish","type":"page","link":"https:\/\/staging.dadco.net\/es\/soporte\/interconexion-y-monitoreo-de-sistemas-de-resortes-de-nitrogeno\/","title":{"rendered":"Interconexi\u00f3n y monitoreo de sistemas de resortes de nitr\u00f3geno"},"content":{"rendered":"<section class=\"l-section wpb_row height_auto\"><div class=\"l-section-h i-cf\"><div class=\"g-cols vc_row via_flex valign_top type_default stacking_default\"><div class=\"vc_col-sm-12 wpb_column vc_column_container\"><div class=\"vc_column-inner\"><div class=\"wpb_wrapper\"><div class=\"w-tabs style_default switch_click accordion has_scrolling\"><div class=\"w-tabs-sections titles-align_none icon_chevron cpos_right\"><div class=\"w-tabs-section active\" id=\"j73e\"><button class=\"w-tabs-section-header active\" aria-controls=\"content-j73e\" aria-expanded=\"true\"><h2 class=\"w-tabs-section-title\">Sistemas SMS\u00ae \/ SMS-i\u00ae<\/h2><div class=\"w-tabs-section-control\"><\/div><\/button><div  class=\"w-tabs-section-content\" id=\"content-j73e\"><div class=\"w-tabs-section-content-h i-cf\"><div class=\"g-cols wpb_row via_flex valign_top type_default stacking_default\"><div class=\"vc_col-sm-12 wpb_column vc_column_container\"><div class=\"vc_column-inner\"><div class=\"wpb_wrapper\"><div class=\"wpb_text_column\"><div class=\"wpb_wrapper\"><h3>Sectional Mounting Systems<\/h3>\n<p>Descriptions and examples of sectional mounting systems-internal (SMS-i<sup>\u00ae<\/sup>) and sectional mounting systems (SMS<sup>\u00ae<\/sup>).<\/p>\n<\/div><\/div><div class=\"w-btn-wrapper align_none\"><a class=\"w-btn us-btn-style_1\" target=\"_blank\" href=\"https:\/\/dadco.net\/wp-content\/uploads\/2013\/02\/sms_smsi_catalog.pdf\"><span class=\"w-btn-label\">Sectional Mounting Systems<\/span><\/a><\/div><\/div><\/div><\/div><\/div><div class=\"g-cols wpb_row via_flex valign_top type_default stacking_default\"><div class=\"vc_col-sm-12 wpb_column vc_column_container\"><div class=\"vc_column-inner\"><div class=\"wpb_wrapper\"><div class=\"wpb_text_column\"><div class=\"wpb_wrapper\"><h3>SMS-i<sup>\u00ae<\/sup> Installation and Operation<\/h3>\n<p>Recommendations for installing and operating SMS-i<sup>\u00ae<\/sup> layouts to maximize cost savings.<\/p>\n<\/div><\/div><div class=\"w-btn-wrapper align_none\"><a class=\"w-btn us-btn-style_1\" target=\"_blank\" href=\"https:\/\/dadco.net\/wp-content\/uploads\/2013\/02\/smsi_technical.pdf\"><span class=\"w-btn-label\">Instalaci\u00f3n y operaci\u00f3n del SMS-i\u00ae<\/span><\/a><\/div><\/div><\/div><\/div><\/div><div class=\"g-cols wpb_row via_flex valign_top type_default stacking_default\"><div class=\"vc_col-sm-12 wpb_column vc_column_container\"><div class=\"vc_column-inner\"><div class=\"wpb_wrapper\"><div class=\"wpb_text_column\"><div class=\"wpb_wrapper\"><h3>V\u00e1lvula de cierre para SMS-i<sup>\u00ae<\/sup><\/h3>\n<p>Detalhes sobre a v\u00e1lvula desligar MV-3G, usada com o Sistema de Montagem Secional \u2013 Interno (SMS-i<sup>\u00ae<\/sup>)<\/p>\n<\/div><\/div><div class=\"w-btn-wrapper align_none\"><a class=\"w-btn us-btn-style_1\" target=\"_blank\" href=\"https:\/\/dadco.net\/wp-content\/uploads\/2013\/03\/shut-off-_valve.pdf\"><span class=\"w-btn-label\">V\u00e1lvula de cierre para SMS-i\u00ae<\/span><\/a><\/div><\/div><\/div><\/div><\/div><\/div><\/div><\/div><div class=\"w-tabs-section\" id=\"d49a\"><button class=\"w-tabs-section-header\" aria-controls=\"content-d49a\" aria-expanded=\"false\"><h2 class=\"w-tabs-section-title\">Conversi\u00f3n a un sistema interconectado e interconexi\u00f3n recomendaciones<\/h2><div class=\"w-tabs-section-control\"><\/div><\/button><div  class=\"w-tabs-section-content\" id=\"content-d49a\"><div class=\"w-tabs-section-content-h i-cf\"><div class=\"g-cols wpb_row via_flex valign_top type_default stacking_default\"><div class=\"vc_col-sm-12 wpb_column vc_column_container\"><div class=\"vc_column-inner\"><div class=\"wpb_wrapper\"><div class=\"wpb_text_column\"><div class=\"wpb_wrapper\"><h3>Operaciones de interconexi\u00f3n<\/h3>\n<p>Instrucciones para convertir un mini resorte de nitr\u00f3geno aut\u00f3nomo en un resorte de flujo abierto para un sistema interconectado<\/p>\n<\/div><\/div><div class=\"w-btn-wrapper align_none\"><a class=\"w-btn us-btn-style_1\" target=\"_blank\" href=\"https:\/\/dadco.net\/wp-content\/uploads\/2013\/02\/linkedop1.pdf\"><span class=\"w-btn-label\">Operaciones de interconexi\u00f3n<\/span><\/a><\/div><\/div><\/div><\/div><\/div><div class=\"g-cols wpb_row via_flex valign_top type_default stacking_default\"><div class=\"vc_col-sm-12 wpb_column vc_column_container\"><div class=\"vc_column-inner\"><div class=\"wpb_wrapper\"><div class=\"wpb_text_column\"><div class=\"wpb_wrapper\"><h3>Operaciones de interconexi\u00f3n \u2013 Serie U<\/h3>\n<p>Instrucciones para convertir un resorte de nitr\u00f3geno Ultra Force<sup>\u00ae<\/sup> aut\u00f3nomo en un resorte de flujo abierto para un sistema interconectado<\/p>\n<\/div><\/div><div class=\"w-btn-wrapper align_none\"><a class=\"w-btn us-btn-style_1\" target=\"_blank\" href=\"https:\/\/dadco.net\/wp-content\/uploads\/2013\/02\/linkedop_useries.pdf\"><span class=\"w-btn-label\">Operaciones de interconexi\u00f3n \u2013 Serie U<\/span><\/a><\/div><\/div><\/div><\/div><\/div><div class=\"g-cols wpb_row via_flex valign_top type_default stacking_default\"><div class=\"vc_col-sm-12 wpb_column vc_column_container\"><div class=\"vc_column-inner\"><div class=\"wpb_wrapper\"><div class=\"wpb_text_column\"><div class=\"wpb_wrapper\"><h3>Sistema interconectado con la serie micro<\/h3>\n<p>Instrucciones para interconectar resortes de nitr\u00f3geno de la serie micro utilizando el exclusivo sistema <i>MINILink<\/i><sup>\u00ae<\/sup><\/p>\n<\/div><\/div><div class=\"w-btn-wrapper align_none\"><a class=\"w-btn us-btn-style_1\" target=\"_blank\" href=\"https:\/\/dadco.net\/wp-content\/uploads\/2013\/02\/micros_linked.pdf\"><span class=\"w-btn-label\">Sistema interconectado con la serie micro<\/span><\/a><\/div><\/div><\/div><\/div><\/div><div class=\"g-cols wpb_row via_flex valign_top type_default stacking_default\"><div class=\"vc_col-sm-12 wpb_column vc_column_container\"><div class=\"vc_column-inner\"><div class=\"wpb_wrapper\"><div class=\"wpb_text_column\"><div class=\"wpb_wrapper\"><h3>Tuber\u00eda D<\/h3>\n<p>Instrucciones para hacer un pedido de un sistema de tuber\u00edas D<\/p>\n<\/div><\/div><div class=\"w-btn-wrapper align_none\"><a class=\"w-btn us-btn-style_1\" target=\"_blank\" href=\"https:\/\/dadco.net\/wp-content\/uploads\/2013\/02\/df_tubing.pdf\"><span class=\"w-btn-label\">Tuber\u00eda D<\/span><\/a><\/div><\/div><\/div><\/div><\/div><div class=\"g-cols wpb_row via_flex valign_top type_default stacking_default\"><div class=\"vc_col-sm-12 wpb_column vc_column_container\"><div class=\"vc_column-inner\"><div class=\"wpb_wrapper\"><div class=\"wpb_text_column\"><div class=\"wpb_wrapper\"><h3>C\u00f3mo hacer un pedido de un sistema de mangueras<\/h3>\n<p>Instrucciones paso a paso para hacer un pedido de un sistema de mangueras<\/p>\n<\/div><\/div><div class=\"w-btn-wrapper align_none\"><a class=\"w-btn us-btn-style_1\" target=\"_blank\" href=\"https:\/\/dadco.net\/wp-content\/uploads\/2013\/02\/how_to_order_hose_assembly2.pdf\"><span class=\"w-btn-label\">C\u00f3mo hacer un pedido de un sistema de mangueras<\/span><\/a><\/div><\/div><\/div><\/div><\/div><div class=\"g-cols wpb_row via_flex valign_top type_default stacking_default\"><div class=\"vc_col-sm-12 wpb_column vc_column_container\"><div class=\"vc_column-inner\"><div class=\"wpb_wrapper\"><div class=\"wpb_text_column\"><div class=\"wpb_wrapper\"><h3>Sistema MINILink\u00ae<\/h3>\n<p>Detalles de los componentes necesarios para el sistema <i>MINILink<\/i><i><sup>\u00ae<\/sup><\/i><\/p>\n<\/div><\/div><div class=\"w-btn-wrapper align_none\"><a class=\"w-btn us-btn-style_1\" target=\"_blank\" href=\"https:\/\/dadco.net\/wp-content\/uploads\/2013\/02\/minilink.pdf\"><span class=\"w-btn-label\">Sistema MINILink\u00ae<\/span><\/a><\/div><\/div><\/div><\/div><\/div><\/div><\/div><\/div><div class=\"w-tabs-section\" id=\"l34e\"><button class=\"w-tabs-section-header\" aria-controls=\"content-l34e\" aria-expanded=\"false\"><h2 class=\"w-tabs-section-title\">Construcci\u00f3n de un sistema de mangueras<\/h2><div class=\"w-tabs-section-control\"><\/div><\/button><div  class=\"w-tabs-section-content\" id=\"content-l34e\"><div class=\"w-tabs-section-content-h i-cf\"><div class=\"g-cols wpb_row via_flex valign_top type_default stacking_default\"><div class=\"vc_col-sm-12 wpb_column vc_column_container\"><div class=\"vc_column-inner\"><div class=\"wpb_wrapper\"><div class=\"wpb_text_column\"><div class=\"wpb_wrapper\"><h3>Construcci\u00f3n de un sistema de mangueras SEAL-LOK<\/h3>\n<p>Instrucciones para montar sistemas de mangueras SEAL-LOK reutilizables o permanentes<\/p>\n<\/div><\/div><div class=\"w-btn-wrapper align_none\"><a class=\"w-btn us-btn-style_1\" target=\"_blank\" href=\"https:\/\/dadco.net\/wp-content\/uploads\/2013\/02\/sealokhac-bulletin-B00120D-1.pdf\"><span class=\"w-btn-label\">Construcci\u00f3n de un sistema de mangueras SEAL-LOK<\/span><\/a><\/div><\/div><\/div><\/div><\/div><div class=\"g-cols wpb_row via_flex valign_top type_default stacking_default\"><div class=\"vc_col-sm-12 wpb_column vc_column_container\"><div class=\"vc_column-inner\"><div class=\"wpb_wrapper\"><div class=\"wpb_text_column\"><div class=\"wpb_wrapper\"><h3>Construcci\u00f3n de un sistema de mangueras MINILink y para usar la mini unidad de crimpado 90.710.8<\/h3>\n<p>Instrucciones para la construcci\u00f3n de un sistema de mangueras utilizando el sistema <i>MINILink<\/i><sup>\u00ae<\/sup> y la mini unidad de crimpado 90.710.8<\/p>\n<\/div><\/div><div class=\"w-btn-wrapper align_none\"><a class=\"w-btn us-btn-style_1\" target=\"_blank\" href=\"https:\/\/dadco.net\/wp-content\/uploads\/2013\/02\/Mini_HC_revB-B11110B-1.pdf\"><span class=\"w-btn-label\">Construcci\u00f3n de un sistema de mangueras MINILink y para usar la mini unidad de crimpado 90.710.8<\/span><\/a><\/div><\/div><\/div><\/div><\/div><div class=\"g-cols wpb_row via_flex valign_top type_default stacking_default\"><div class=\"vc_col-sm-12 wpb_column vc_column_container\"><div class=\"vc_column-inner\"><div class=\"wpb_wrapper\"><div class=\"wpb_text_column\"><div class=\"wpb_wrapper\"><h3>Unidad port\u00e1til de crimpado<\/h3>\n<p>N\u00fameros de parte y descripciones de las diferentes piezas de la unidad port\u00e1til de crimpado e instrucciones paso a paso sobre c\u00f3mo utilizar esta unidad<\/p>\n<\/div><\/div><div class=\"w-btn-wrapper align_none\"><a class=\"w-btn us-btn-style_1\" target=\"_blank\" href=\"https:\/\/dadco.net\/wp-content\/uploads\/2015\/07\/portable_crimper.pdf\"><span class=\"w-btn-label\">Portable Crimping Unit Instructions<\/span><\/a><\/div><\/div><\/div><\/div><\/div><\/div><\/div><\/div><div class=\"w-tabs-section\" id=\"z84d\"><button class=\"w-tabs-section-header\" aria-controls=\"content-z84d\" aria-expanded=\"false\"><h2 class=\"w-tabs-section-title\">Tanque para volumen adicional<\/h2><div class=\"w-tabs-section-control\"><\/div><\/button><div  class=\"w-tabs-section-content\" id=\"content-z84d\"><div class=\"w-tabs-section-content-h i-cf\"><div class=\"g-cols wpb_row via_flex valign_top type_default stacking_default\"><div class=\"vc_col-sm-12 wpb_column vc_column_container\"><div class=\"vc_column-inner\"><div class=\"wpb_wrapper\"><div class=\"wpb_text_column\"><div class=\"wpb_wrapper\"><h3>Dise\u00f1o, instalaci\u00f3n y mantenimiento de tanques para volumen adicional<\/h3>\n<p>Informaci\u00f3n detallada para el dise\u00f1o e instrucciones de mantenimiento de tanques para volumen adicional utilizados para reducir el incremento de presi\u00f3n.<\/p>\n<\/div><\/div><div class=\"w-btn-wrapper align_none\"><a class=\"w-btn us-btn-style_1\" target=\"_blank\" href=\"https:\/\/dadco.net\/wp-content\/uploads\/2013\/03\/surge_tank_maint_bulletin.pdf\"><span class=\"w-btn-label\">Dise\u00f1o, instalaci\u00f3n y mantenimiento de tanques para volumen adicional<\/span><\/a><\/div><\/div><\/div><\/div><\/div><\/div><\/div><\/div><div class=\"w-tabs-section\" id=\"a6d3\"><button class=\"w-tabs-section-header\" aria-controls=\"content-a6d3\" aria-expanded=\"false\"><h2 class=\"w-tabs-section-title\">Adaptadores<\/h2><div class=\"w-tabs-section-control\"><\/div><\/button><div  class=\"w-tabs-section-content\" id=\"content-a6d3\"><div class=\"w-tabs-section-content-h i-cf\"><div class=\"g-cols wpb_row via_flex valign_top type_default stacking_default\"><div class=\"vc_col-sm-12 wpb_column vc_column_container\"><div class=\"vc_column-inner\"><div class=\"wpb_wrapper\"><div class=\"wpb_text_column\"><div class=\"wpb_wrapper\"><h3>Adaptadores con reducci\u00f3n D-24<\/h3>\n<p>Detalles de la serie de adaptadores con reducci\u00f3n D-24<\/p>\n<\/div><\/div><div class=\"w-btn-wrapper align_none\"><a class=\"w-btn us-btn-style_1\" target=\"_blank\" href=\"https:\/\/dadco.net\/wp-content\/uploads\/2013\/02\/d24_fittings.pdf\"><span class=\"w-btn-label\">Adaptadores con reducci\u00f3n D-24<\/span><\/a><\/div><\/div><\/div><\/div><\/div><div class=\"g-cols wpb_row via_flex valign_top type_default stacking_default\"><div class=\"vc_col-sm-12 wpb_column vc_column_container\"><div class=\"vc_column-inner\"><div class=\"wpb_wrapper\"><div class=\"wpb_text_column\"><div class=\"wpb_wrapper\"><h3>Adaptadores de puerto M6 a G 1\/8<\/h3>\n<p>Detalles de los adaptadores de puerto M6 que permiten la interconexi\u00f3n de resortes de nitr\u00f3geno con puerto M6 manguera grande tradicional, que requiere conexiones G 1\/8 BSPP<\/p>\n<\/div><\/div><div class=\"w-btn-wrapper align_none\"><a class=\"w-btn us-btn-style_1\" target=\"_blank\" href=\"https:\/\/dadco.net\/wp-content\/uploads\/2013\/02\/m6_port_adapters.pdf\"><span class=\"w-btn-label\">Adaptadores de puerto M6 a G 1\/8<\/span><\/a><\/div><\/div><\/div><\/div><\/div><div class=\"g-cols wpb_row via_flex valign_top type_default stacking_default\"><div class=\"vc_col-sm-12 wpb_column vc_column_container\"><div class=\"vc_column-inner\"><div class=\"wpb_wrapper\"><div class=\"wpb_text_column\"><div class=\"wpb_wrapper\"><h3>Conectores para manguera tipo ORFS<\/h3>\n<p>Detalle de adaptadores compactos para manguera (ORFS) con aro sello frontal.<\/p>\n<\/div><\/div><div class=\"w-btn-wrapper align_none\"><a class=\"w-btn us-btn-style_1\" target=\"_blank\" href=\"https:\/\/dadco.net\/wp-content\/uploads\/2017\/03\/compactfittings_bulletin.pdf\"><span class=\"w-btn-label\">Conectores para manguera tipo ORFS<\/span><\/a><\/div><\/div><\/div><\/div><\/div><\/div><\/div><\/div><div class=\"w-tabs-section\" id=\"k9fa\"><button class=\"w-tabs-section-header\" aria-controls=\"content-k9fa\" aria-expanded=\"false\"><h2 class=\"w-tabs-section-title\">Paneles de Control<\/h2><div class=\"w-tabs-section-control\"><\/div><\/button><div  class=\"w-tabs-section-content\" id=\"content-k9fa\"><div class=\"w-tabs-section-content-h i-cf\"><div class=\"g-cols wpb_row via_flex valign_top type_default stacking_default\"><div class=\"vc_col-sm-12 wpb_column vc_column_container\"><div class=\"vc_column-inner\"><div class=\"wpb_wrapper\"><div class=\"wpb_text_column\"><div class=\"wpb_wrapper\"><h3>Paneles de Control<\/h3>\n<p>Informaci\u00f3n para colocar pedidos y caracter\u00edsticas de los dos nuevos paneles de control que se utilizan para llenar, drenar y monitorear la presi\u00f3n en los sistemas conectados: el mini panel de control convertible y el panel de control convertible<\/p>\n<\/div><\/div><div class=\"w-btn-wrapper align_none\"><a class=\"w-btn us-btn-style_1\" target=\"_blank\" href=\"https:\/\/dadco.net\/wp-content\/uploads\/2013\/02\/cp_bulletin.pdf\"><span class=\"w-btn-label\">Paneles de Control<\/span><\/a><\/div><\/div><\/div><\/div><\/div><div class=\"g-cols wpb_row via_flex valign_top type_default stacking_default\"><div class=\"vc_col-sm-12 wpb_column vc_column_container\"><div class=\"vc_column-inner\"><div class=\"wpb_wrapper\"><div class=\"wpb_text_column\"><div class=\"wpb_wrapper\"><h3>V\u00e1lvula de drenado resistente a las vibraciones<\/h3>\n<p>Nuestra nueva v\u00e1lvula de drenado opcional resistente a vibraciones se usa con los mini paneles de control convertibles y est\u00e1ndar para evitar el drenado involuntario de gas del sistema debido a una vibraci\u00f3n excesiva en el troquel.<\/p>\n<\/div><\/div><div class=\"w-btn-wrapper align_none\"><a class=\"w-btn us-btn-style_1\" target=\"_blank\" href=\"https:\/\/dadco.net\/wp-content\/uploads\/2018\/06\/bv_5g_valve.pdf\"><span class=\"w-btn-label\">V\u00e1lvula de drenado resistente a las vibraciones<\/span><\/a><\/div><\/div><\/div><\/div><\/div><div class=\"g-cols wpb_row via_flex valign_top type_default stacking_default\"><div class=\"vc_col-sm-12 wpb_column vc_column_container\"><div class=\"vc_column-inner\"><div class=\"wpb_wrapper\"><div class=\"wpb_text_column\"><div class=\"wpb_wrapper\"><h3>Multi-Panel<\/h3>\n<p>Informaci\u00f3n para colocar pedidos y caracter\u00edsticas del multi-panel. Incluye informaci\u00f3n sobre c\u00f3mo llenar y descargar los sistemas interconectados con el multi-panel<\/p>\n<\/div><\/div><div class=\"w-btn-wrapper align_none\"><a class=\"w-btn us-btn-style_1\" target=\"_blank\" href=\"https:\/\/dadco.net\/wp-content\/uploads\/2013\/02\/multi_panel_revb.pdf\"><span class=\"w-btn-label\">Multi-Panel<\/span><\/a><\/div><\/div><\/div><\/div><\/div><div class=\"g-cols wpb_row via_flex valign_top type_default stacking_default\"><div class=\"vc_col-sm-12 wpb_column vc_column_container\"><div class=\"vc_column-inner\"><div class=\"wpb_wrapper\"><div class=\"wpb_text_column\"><div class=\"wpb_wrapper\"><h3>Medidores<\/h3>\n<p>Gu\u00eda para colocar pedidos de medidores de reemplazo para las c\u00e9lulas de carga y paneles de control<\/p>\n<\/div><\/div><div class=\"w-btn-wrapper align_none\"><a class=\"w-btn us-btn-style_1\" target=\"_blank\" href=\"https:\/\/dadco.net\/wp-content\/uploads\/2018\/06\/gauge_bulletin.pdf\"><span class=\"w-btn-label\">Medidores<\/span><\/a><\/div><\/div><\/div><\/div><\/div><\/div><\/div><\/div><div class=\"w-tabs-section\" id=\"rc40\"><button class=\"w-tabs-section-header\" aria-controls=\"content-rc40\" aria-expanded=\"false\"><h2 class=\"w-tabs-section-title\">Monitores de presi\u00f3n<\/h2><div class=\"w-tabs-section-control\"><\/div><\/button><div  class=\"w-tabs-section-content\" id=\"content-rc40\"><div class=\"w-tabs-section-content-h i-cf\"><div class=\"g-cols wpb_row via_flex valign_top type_default stacking_default\"><div class=\"vc_col-sm-12 wpb_column vc_column_container\"><div class=\"vc_column-inner\"><div class=\"wpb_wrapper\"><div class=\"wpb_text_column\"><div class=\"wpb_wrapper\"><h3>Monitores de presi\u00f3n electr\u00f3nicos<\/h3>\n<p>Detalles sobre la variedad de monitores de presi\u00f3n electr\u00f3nicos y opciones de base disponibles<\/p>\n<\/div><\/div><div class=\"w-btn-wrapper align_none\"><a class=\"w-btn us-btn-style_1\" target=\"_blank\" href=\"https:\/\/dadco.net\/wp-content\/uploads\/2013\/02\/pressure_monitors1.pdf\"><span class=\"w-btn-label\">Monitores de presi\u00f3n electr\u00f3nicos<\/span><\/a><\/div><\/div><\/div><\/div><\/div><div class=\"g-cols wpb_row via_flex valign_top type_default stacking_default\"><div class=\"vc_col-sm-12 wpb_column vc_column_container\"><div class=\"vc_column-inner\"><div class=\"wpb_wrapper\"><div class=\"wpb_text_column\"><div class=\"wpb_wrapper\"><h3>Monitor de presi\u00f3n electr\u00f3nico de especificaci\u00f3n GM<\/h3>\n<p>Details on the General Motors specific pressure monitor to monitor nitrogen gas pressure during operation. The block is specifically designed to match GM standards.<\/p>\n<\/div><\/div><div class=\"w-btn-wrapper align_none\"><a class=\"w-btn us-btn-style_1\" target=\"_blank\" href=\"https:\/\/dadco.net\/wp-content\/uploads\/2016\/06\/GM_pressure_monitor_bulletin.pdf\"><span class=\"w-btn-label\">Monitor de presi\u00f3n electr\u00f3nico de especificaci\u00f3n GM<\/span><\/a><\/div><\/div><\/div><\/div><\/div><div class=\"g-cols wpb_row via_flex valign_top type_default stacking_default\"><div class=\"vc_col-sm-12 wpb_column vc_column_container\"><div class=\"vc_column-inner\"><div class=\"wpb_wrapper\"><div class=\"wpb_text_column\"><div class=\"wpb_wrapper\"><h3>Compact Digital Pressure Monitors<\/h3>\n<p>Details on the Compact Digital Monitors, 90.421 and 90.422.D.<\/p>\n<\/div><\/div><div class=\"w-btn-wrapper align_none\"><a class=\"w-btn us-btn-style_1\" target=\"_blank\" href=\"https:\/\/dadco.net\/wp-content\/uploads\/2019\/09\/CD_pressure_monitor.pdf\"><span class=\"w-btn-label\">Compact Digital Pressure Monitors<\/span><\/a><\/div><\/div><\/div><\/div><\/div><div class=\"g-cols wpb_row via_flex valign_top type_default stacking_default\"><div class=\"vc_col-sm-12 wpb_column vc_column_container\"><div class=\"vc_column-inner\"><div class=\"wpb_wrapper\"><div class=\"wpb_text_column\"><div class=\"wpb_wrapper\"><h3>90.421.1 \/ DPM1<\/h3>\n<p>Instrucciones para usar monitores de presi\u00f3n<\/p>\n<\/div><\/div><div class=\"w-btn-wrapper align_none\"><a class=\"w-btn us-btn-style_1\" target=\"_blank\" href=\"https:\/\/dadco.net\/wp-content\/uploads\/2013\/02\/dpm12.pdf\"><span class=\"w-btn-label\">90.421.1 \/ DPM1<\/span><\/a><\/div><\/div><\/div><\/div><\/div><div class=\"g-cols wpb_row via_flex valign_top type_default stacking_default\"><div class=\"vc_col-sm-12 wpb_column vc_column_container\"><div class=\"vc_column-inner\"><div class=\"wpb_wrapper\"><div class=\"w-btn-wrapper align_none\"><a class=\"w-btn us-btn-style_1\" target=\"_blank\" href=\"https:\/\/dadco.net\/wp-content\/uploads\/2013\/02\/dpm22.pdf\"><span class=\"w-btn-label\">90.421.2 \/ DPM2<\/span><\/a><\/div><\/div><\/div><\/div><\/div><div class=\"g-cols wpb_row via_flex valign_top type_default stacking_default\"><div class=\"vc_col-sm-12 wpb_column vc_column_container\"><div class=\"vc_column-inner\"><div class=\"wpb_wrapper\"><div class=\"w-btn-wrapper align_none\"><a class=\"w-btn us-btn-style_1\" target=\"_blank\" href=\"https:\/\/dadco.net\/wp-content\/uploads\/2013\/02\/dpm-2d2.pdf\"><span class=\"w-btn-label\">90.421.2D \/ DPM 2D<\/span><\/a><\/div><\/div><\/div><\/div><\/div><div class=\"g-cols wpb_row via_flex valign_top type_default stacking_default\"><div class=\"vc_col-sm-12 wpb_column vc_column_container\"><div class=\"vc_column-inner\"><div class=\"wpb_wrapper\"><div class=\"w-btn-wrapper align_none\"><a class=\"w-btn us-btn-style_1\" target=\"_blank\" href=\"https:\/\/dadco.net\/wp-content\/uploads\/2016\/03\/90.406.421_instruction_manual.pdf\"><span class=\"w-btn-label\">90.406.421 \/ Digital Control Panel Instruction Manual<\/span><\/a><\/div><\/div><\/div><\/div><\/div><div class=\"g-cols wpb_row via_flex valign_top type_default stacking_default\"><div class=\"vc_col-sm-12 wpb_column vc_column_container\"><div class=\"vc_column-inner\"><div class=\"wpb_wrapper\"><div class=\"wpb_text_column\"><div class=\"wpb_wrapper\"><h3>Indicador de presi\u00f3n<\/h3>\n<p>Detalles acerca del indicador de presi\u00f3n opcional que se utiliza para controlar la presi\u00f3n dentro del resorte de nitr\u00f3geno<\/p>\n<\/div><\/div><div class=\"w-btn-wrapper align_none\"><a class=\"w-btn us-btn-style_1\" target=\"_blank\" href=\"https:\/\/dadco.net\/wp-content\/uploads\/2013\/03\/pressure_indicator_bulletin.pdf\"><span class=\"w-btn-label\">Indicador de presi\u00f3n<\/span><\/a><\/div><\/div><\/div><\/div><\/div><\/div><\/div><\/div><\/div><\/div><\/div><\/div><\/div><\/div><\/div><\/section>\n","protected":false},"excerpt":{"rendered":"Sistemas SMS\u00ae \/ SMS-i\u00aeSectional Mounting Systems Descriptions and examples of sectional mounting systems-internal (SMS-i\u00ae) and sectional mounting systems (SMS\u00ae). Sectional Mounting SystemsSMS-i\u00ae Installation and Operation Recommendations for installing and operating SMS-i\u00ae layouts to maximize cost savings. Instalaci\u00f3n y operaci\u00f3n del SMS-i\u00aeV\u00e1lvula de cierre para SMS-i\u00ae Detalhes sobre a v\u00e1lvula desligar MV-3G, usada com o Sistema...","protected":false},"author":1,"featured_media":0,"parent":14508,"menu_order":4,"comment_status":"closed","ping_status":"closed","template":"","meta":{"footnotes":""},"class_list":["post-15151","page","type-page","status-publish","hentry"],"acf":[],"_links":{"self":[{"href":"https:\/\/staging.dadco.net\/es\/wp-json\/wp\/v2\/pages\/15151","targetHints":{"allow":["GET"]}}],"collection":[{"href":"https:\/\/staging.dadco.net\/es\/wp-json\/wp\/v2\/pages"}],"about":[{"href":"https:\/\/staging.dadco.net\/es\/wp-json\/wp\/v2\/types\/page"}],"author":[{"embeddable":true,"href":"https:\/\/staging.dadco.net\/es\/wp-json\/wp\/v2\/users\/1"}],"replies":[{"embeddable":true,"href":"https:\/\/staging.dadco.net\/es\/wp-json\/wp\/v2\/comments?post=15151"}],"version-history":[{"count":7,"href":"https:\/\/staging.dadco.net\/es\/wp-json\/wp\/v2\/pages\/15151\/revisions"}],"predecessor-version":[{"id":28891,"href":"https:\/\/staging.dadco.net\/es\/wp-json\/wp\/v2\/pages\/15151\/revisions\/28891"}],"up":[{"embeddable":true,"href":"https:\/\/staging.dadco.net\/es\/wp-json\/wp\/v2\/pages\/14508"}],"wp:attachment":[{"href":"https:\/\/staging.dadco.net\/es\/wp-json\/wp\/v2\/media?parent=15151"}],"curies":[{"name":"wp","href":"https:\/\/api.w.org\/{rel}","templated":true}]}}