{"id":17798,"date":"2022-09-09T01:50:08","date_gmt":"2022-09-09T01:50:08","guid":{"rendered":"https:\/\/staging.dadco.net\/support\/hp-air-cylinders-maintenance-and-installation\/"},"modified":"2023-11-09T20:36:07","modified_gmt":"2023-11-09T20:36:07","slug":"hp-air-cylinders-maintenance-and-installation","status":"publish","type":"page","link":"https:\/\/staging.dadco.net\/pt-br\/support\/hp-air-cylinders-maintenance-and-installation\/","title":{"rendered":"HP Air Cylinders Maintenance and Installation"},"content":{"rendered":"<section class=\"l-section wpb_row height_auto\"><div class=\"l-section-h i-cf\"><div class=\"g-cols vc_row via_flex valign_top type_default stacking_default\"><div class=\"vc_col-sm-12 wpb_column vc_column_container\"><div class=\"vc_column-inner\"><div class=\"wpb_wrapper\"><div class=\"w-tabs style_default switch_click accordion has_scrolling\"><div class=\"w-tabs-sections titles-align_none icon_chevron cpos_right\"><div class=\"w-tabs-section active\" id=\"tb0f\"><button class=\"w-tabs-section-header active\" aria-controls=\"content-tb0f\" aria-expanded=\"true\"><h2 class=\"w-tabs-section-title\">Manuten\u00e7\u00e3o e Instala\u00e7\u00e3o<\/h2><div class=\"w-tabs-section-control\"><\/div><\/button><div  class=\"w-tabs-section-content\" id=\"content-tb0f\"><div class=\"w-tabs-section-content-h i-cf\"><div class=\"g-cols wpb_row via_flex valign_top type_default stacking_default\"><div class=\"vc_col-sm-12 wpb_column vc_column_container\"><div class=\"vc_column-inner\"><div class=\"wpb_wrapper\"><div class=\"wpb_text_column\"><div class=\"wpb_wrapper\"><h3>S\u00e9rie HP Cilindro Pneum\u00e1tico Instala\u00e7\u00e3o do Kit de reparo<\/h3>\n<p>Um guia passo a passo para a instala\u00e7\u00e3o do DADCO S\u00e9rie HP Kit de Reparo (para di\u00e2metros de 40 mm at\u00e9 125 mm).<\/p>\n<p><a title=\"Pe\u00e7as para tamanhos de di\u00e2metros de 160 mm at\u00e9 250 mm.\" href=\"https:\/\/staging.dadco.nett\/wp-content\/uploads\/2013\/02\/hp_parts_160-250.pdf\" target=\"_blank\" rel=\"noopener\">Pe\u00e7as para tamanhos de di\u00e2metros de 160 mm at\u00e9 250 mm.<\/a><\/p>\n<\/div><\/div><div class=\"w-btn-wrapper align_none\"><a class=\"w-btn us-btn-style_1\" target=\"_blank\" href=\"https:\/\/dadco.net\/wp-content\/uploads\/2013\/02\/hp_repair_kit-bulletin_revB4.pdf\"><span class=\"w-btn-label\">S\u00e9rie HP Cilindro Pneum\u00e1tico Instala\u00e7\u00e3o do Kit de reparo<\/span><\/a><\/div><\/div><\/div><\/div><\/div><div class=\"g-cols wpb_row via_flex valign_top type_default stacking_default\"><div class=\"vc_col-sm-12 wpb_column vc_column_container\"><div class=\"vc_column-inner\"><div class=\"wpb_wrapper\"><div class=\"wpb_text_column\"><div class=\"wpb_wrapper\"><h3>S\u00e9rie HP Kit de Instala\u00e7\u00e3o de Selos do Cilindro Pneum\u00e1tico<\/h3>\n<p>Um guia passo a passo para instala\u00e7\u00e3o do Kit de selos S\u00e9rie HP.<\/p>\n<\/div><\/div><div class=\"w-btn-wrapper align_none\"><a class=\"w-btn us-btn-style_1\" target=\"_blank\" href=\"https:\/\/dadco.net\/wp-content\/uploads\/2013\/02\/hp_sealrepair_revb.pdf\"><span class=\"w-btn-label\">S\u00e9rie HP Kit de Instala\u00e7\u00e3o de Selos do Cilindro Pneum\u00e1tico<\/span><\/a><\/div><\/div><\/div><\/div><\/div><div class=\"g-cols wpb_row via_flex valign_top type_default stacking_default\"><div class=\"vc_col-sm-12 wpb_column vc_column_container\"><div class=\"vc_column-inner\"><div class=\"wpb_wrapper\"><div class=\"wpb_text_column\"><div class=\"wpb_wrapper\"><h3>S\u00e9rie HP.N Kit de Instala\u00e7\u00e3o de Selos do Cilindro Pneum\u00e1tico<\/h3>\n<p>Um guia passo a passo para instala\u00e7\u00e3o do Kit de selos S\u00e9rie HP.<\/p>\n<\/div><\/div><div class=\"w-btn-wrapper align_none\"><a class=\"w-btn us-btn-style_1\" target=\"_blank\" href=\"https:\/\/dadco.net\/wp-content\/uploads\/2013\/03\/hpn_repair_reva.pdf\"><span class=\"w-btn-label\">S\u00e9rie HP.N Kit de Instala\u00e7\u00e3o de Selos do Cilindro Pneum\u00e1tico<\/span><\/a><\/div><\/div><\/div><\/div><\/div><\/div><\/div><\/div><div class=\"w-tabs-section\" id=\"ffd0\"><button class=\"w-tabs-section-header\" aria-controls=\"content-ffd0\" aria-expanded=\"false\"><h2 class=\"w-tabs-section-title\">Acess\u00f3rios<\/h2><div class=\"w-tabs-section-control\"><\/div><\/button><div  class=\"w-tabs-section-content\" id=\"content-ffd0\"><div class=\"w-tabs-section-content-h i-cf\"><div class=\"g-cols wpb_row via_flex valign_top type_default stacking_default\"><div class=\"vc_col-sm-12 wpb_column vc_column_container\"><div class=\"vc_column-inner\"><div class=\"wpb_wrapper\"><div class=\"wpb_text_column\"><div class=\"wpb_wrapper\"><h3>Modifica\u00e7\u00e3o HP das Placas Base com Duas Colunas de Guia<\/h3>\n<p>Instru\u00e7\u00f5es para a utiliza\u00e7\u00e3o da ferramenta expansiva para a remo\u00e7\u00e3o da placa superior.<\/p>\n<\/div><\/div><div class=\"w-btn-wrapper align_none\"><a class=\"w-btn us-btn-style_1\" target=\"_blank\" href=\"https:\/\/dadco.net\/wp-content\/uploads\/2013\/02\/hp_Lift.pdf\"><span class=\"w-btn-label\">Modifica\u00e7\u00e3o HP das Placas Base com Duas Colunas de Guia<\/span><\/a><\/div><\/div><\/div><\/div><\/div><\/div><\/div><\/div><\/div><\/div><\/div><\/div><\/div><\/div><\/div><\/section>\n","protected":false},"excerpt":{"rendered":"Manuten\u00e7\u00e3o e Instala\u00e7\u00e3oS\u00e9rie HP Cilindro Pneum\u00e1tico Instala\u00e7\u00e3o do Kit de reparo Um guia passo a passo para a instala\u00e7\u00e3o do DADCO S\u00e9rie HP Kit de Reparo (para di\u00e2metros de 40 mm at\u00e9 125 mm). Pe\u00e7as para tamanhos de di\u00e2metros de 160 mm at\u00e9 250 mm. S\u00e9rie HP Cilindro Pneum\u00e1tico Instala\u00e7\u00e3o do Kit de reparoS\u00e9rie HP...","protected":false},"author":1,"featured_media":0,"parent":14911,"menu_order":8,"comment_status":"closed","ping_status":"closed","template":"","meta":{"footnotes":""},"class_list":["post-17798","page","type-page","status-publish","hentry"],"acf":[],"_links":{"self":[{"href":"https:\/\/staging.dadco.net\/pt-br\/wp-json\/wp\/v2\/pages\/17798","targetHints":{"allow":["GET"]}}],"collection":[{"href":"https:\/\/staging.dadco.net\/pt-br\/wp-json\/wp\/v2\/pages"}],"about":[{"href":"https:\/\/staging.dadco.net\/pt-br\/wp-json\/wp\/v2\/types\/page"}],"author":[{"embeddable":true,"href":"https:\/\/staging.dadco.net\/pt-br\/wp-json\/wp\/v2\/users\/1"}],"replies":[{"embeddable":true,"href":"https:\/\/staging.dadco.net\/pt-br\/wp-json\/wp\/v2\/comments?post=17798"}],"version-history":[{"count":7,"href":"https:\/\/staging.dadco.net\/pt-br\/wp-json\/wp\/v2\/pages\/17798\/revisions"}],"predecessor-version":[{"id":28906,"href":"https:\/\/staging.dadco.net\/pt-br\/wp-json\/wp\/v2\/pages\/17798\/revisions\/28906"}],"up":[{"embeddable":true,"href":"https:\/\/staging.dadco.net\/pt-br\/wp-json\/wp\/v2\/pages\/14911"}],"wp:attachment":[{"href":"https:\/\/staging.dadco.net\/pt-br\/wp-json\/wp\/v2\/media?parent=17798"}],"curies":[{"name":"wp","href":"https:\/\/api.w.org\/{rel}","templated":true}]}}