{"id":17812,"date":"2022-09-09T01:50:29","date_gmt":"2022-09-09T01:50:29","guid":{"rendered":"https:\/\/staging.dadco.net\/support\/dk-cilindros-hidraulicos-manutencao\/"},"modified":"2023-11-09T20:36:27","modified_gmt":"2023-11-09T20:36:27","slug":"dk-cilindros-hidraulicos-manutencao","status":"publish","type":"page","link":"https:\/\/staging.dadco.net\/pt-br\/support\/dk-cilindros-hidraulicos-manutencao\/","title":{"rendered":"DK Cilindros Hidr\u00e1ulicos Manuten\u00e7\u00e3o"},"content":{"rendered":"<section class=\"l-section wpb_row height_auto\"><div class=\"l-section-h i-cf\"><div class=\"g-cols vc_row via_flex valign_top type_default stacking_default\"><div class=\"vc_col-sm-12 wpb_column vc_column_container\"><div class=\"vc_column-inner\"><div class=\"wpb_wrapper\"><div class=\"w-tabs style_default switch_click accordion has_scrolling\"><div class=\"w-tabs-sections titles-align_none icon_chevron cpos_right\"><div class=\"w-tabs-section active\" id=\"l8c0\"><button class=\"w-tabs-section-header active\" aria-controls=\"content-l8c0\" aria-expanded=\"true\"><h2 class=\"w-tabs-section-title\">Manuten\u00e7\u00e3o<\/h2><div class=\"w-tabs-section-control\"><\/div><\/button><div  class=\"w-tabs-section-content\" id=\"content-l8c0\"><div class=\"w-tabs-section-content-h i-cf\"><div class=\"g-cols wpb_row via_flex valign_top type_default stacking_default\"><div class=\"vc_col-sm-12 wpb_column vc_column_container\"><div class=\"vc_column-inner\"><div class=\"wpb_wrapper\"><div class=\"wpb_text_column\"><div class=\"wpb_wrapper\"><h3>S\u00e9rie DK Manuten\u00e7\u00e3o<\/h3>\n<p>Instru\u00e7\u00f5es detalhadas para S\u00e9rie DK cilindros hidr\u00e1ulicos.<\/p>\n<\/div><\/div><div class=\"w-btn-wrapper align_none\"><a class=\"w-btn us-btn-style_1\" target=\"_blank\" href=\"https:\/\/dadco.net\/wp-content\/uploads\/2013\/02\/core_pin_repair.pdf\"><span class=\"w-btn-label\">S\u00e9rie DK Manuten\u00e7\u00e3o<\/span><\/a><\/div><\/div><\/div><\/div><\/div><\/div><\/div><\/div><\/div><\/div><\/div><\/div><\/div><\/div><\/div><\/section>\n","protected":false},"excerpt":{"rendered":"Manuten\u00e7\u00e3oS\u00e9rie DK Manuten\u00e7\u00e3o Instru\u00e7\u00f5es detalhadas para S\u00e9rie DK cilindros hidr\u00e1ulicos. S\u00e9rie DK Manuten\u00e7\u00e3o","protected":false},"author":1,"featured_media":0,"parent":14911,"menu_order":9,"comment_status":"closed","ping_status":"closed","template":"","meta":{"footnotes":""},"class_list":["post-17812","page","type-page","status-publish","hentry"],"acf":[],"_links":{"self":[{"href":"https:\/\/staging.dadco.net\/pt-br\/wp-json\/wp\/v2\/pages\/17812","targetHints":{"allow":["GET"]}}],"collection":[{"href":"https:\/\/staging.dadco.net\/pt-br\/wp-json\/wp\/v2\/pages"}],"about":[{"href":"https:\/\/staging.dadco.net\/pt-br\/wp-json\/wp\/v2\/types\/page"}],"author":[{"embeddable":true,"href":"https:\/\/staging.dadco.net\/pt-br\/wp-json\/wp\/v2\/users\/1"}],"replies":[{"embeddable":true,"href":"https:\/\/staging.dadco.net\/pt-br\/wp-json\/wp\/v2\/comments?post=17812"}],"version-history":[{"count":7,"href":"https:\/\/staging.dadco.net\/pt-br\/wp-json\/wp\/v2\/pages\/17812\/revisions"}],"predecessor-version":[{"id":28910,"href":"https:\/\/staging.dadco.net\/pt-br\/wp-json\/wp\/v2\/pages\/17812\/revisions\/28910"}],"up":[{"embeddable":true,"href":"https:\/\/staging.dadco.net\/pt-br\/wp-json\/wp\/v2\/pages\/14911"}],"wp:attachment":[{"href":"https:\/\/staging.dadco.net\/pt-br\/wp-json\/wp\/v2\/media?parent=17812"}],"curies":[{"name":"wp","href":"https:\/\/api.w.org\/{rel}","templated":true}]}}